{"id":509,"date":"2021-04-13T15:16:52","date_gmt":"2021-04-13T13:16:52","guid":{"rendered":"https:\/\/urlmonitor.1a-8854.antagusserver.de\/condiciones\/"},"modified":"2023-03-23T17:31:11","modified_gmt":"2023-03-23T16:31:11","slug":"condiciones","status":"publish","type":"page","link":"https:\/\/url-monitor.com\/es\/condiciones\/","title":{"rendered":"Condiciones"},"content":{"rendered":"<div class=\"fusion-fullwidth fullwidth-box fusion-builder-row-1 fusion-flex-container nonhundred-percent-fullwidth non-hundred-percent-height-scrolling\" style=\"--awb-border-radius-top-left:0px;--awb-border-radius-top-right:0px;--awb-border-radius-bottom-right:0px;--awb-border-radius-bottom-left:0px;--awb-flex-wrap:wrap;\" ><div class=\"fusion-builder-row fusion-row fusion-flex-align-items-flex-start fusion-flex-content-wrap\" style=\"max-width:1456px;margin-left: calc(-4% \/ 2 );margin-right: calc(-4% \/ 2 );\"><div class=\"fusion-layout-column fusion_builder_column fusion-builder-column-0 fusion_builder_column_1_1 1_1 fusion-flex-column\" style=\"--awb-bg-blend:overlay;--awb-bg-size:cover;--awb-width-large:100%;--awb-margin-top-large:0px;--awb-spacing-right-large:1.92%;--awb-margin-bottom-large:0px;--awb-spacing-left-large:1.92%;--awb-width-medium:100%;--awb-spacing-right-medium:1.92%;--awb-spacing-left-medium:1.92%;--awb-width-small:100%;--awb-spacing-right-small:1.92%;--awb-spacing-left-small:1.92%;\"><div class=\"fusion-column-wrapper fusion-flex-justify-content-flex-start fusion-content-layout-column\"><div class=\"fusion-text fusion-text-1\"><p>Bajo el dominio www.url-monitor.com, login.url-monitor.com y tool.url-monitor.com, URL-Monitor GmbH, direcci\u00f3n: Funkerberg 16d, 15711 K\u00f6nigs Wusterhausen, (en lo sucesivo, \u00abMONITOR DE URL\u00bb) opera un servicio basado en el sitio web a trav\u00e9s del cual los usuarios (en lo sucesivo, \u00abcliente\u00bb) pueden monitorear las URL introducidas por usted para los cambios.<\/p>\n<p>Adem\u00e1s del c\u00f3digo fuente, los elementos relevantes para el motor de b\u00fasqueda de las URL introducidas se almacenan y eval\u00faan durante 30 d\u00edas (o dependiendo del per\u00edodo de almacenamiento reservado individualmente). El operador es la plataforma t\u00e9cnica online con la que el cliente puede entrar y tener sus URL m\u00e1s importantes introducidas y verificadas con el fin de poder detectar r\u00e1pidamente cambios no deseados en un sitio web y as\u00ed .B contrarrestar un deterioro en los resultados del motor de b\u00fasqueda. El idioma de interfaz de la herramienta Monitor URL es ingl\u00e9s.<\/p>\n<p>Adem\u00e1s de los elementos de p\u00e1gina de la direcci\u00f3n URL, tambi\u00e9n se consultan servicios externos para los que los datos proporcionan datos para la direcci\u00f3n URL correspondiente. El Monitor URL no puede garantizar que los datos proporcionados por estos servicios sean precisos y funcionen en el futuro. URL-Monitor se distancia de la correcci\u00f3n de estos datos y se reserva el derecho de deshabilitar la consulta de estos servicios externos en el futuro si los datos de estos servicios ya no son utilizables y pueden ofrecer a la herramienta \u00abURL-Monitor\u00bb y a sus usuarios un multirreliprous.<\/p>\n<h2>Alcance de la Secci\u00f3n 1<\/h2>\n<p>(1) URL-Monitor tiene derecho a incluir los datos transmitidos por los clientes en el programa en l\u00ednea URL-Monitor. El cliente acepta el uso de los datos transmitidos por \u00e9l por URL-Monitor con el fin de cumplir con el contrato durante la duraci\u00f3n de este contrato y el tiempo adicional. Este consentimiento tambi\u00e9n incluye el uso necesario de la marca, logotipos, nombre de la empresa y otros identificadores para la presentaci\u00f3n de los datos evaluados en los dispositivos terminales utilizados del sitio web de URL-Monitor. Asimismo, URL-Monitor tiene derecho a utilizar el logotipo, la marca y el nombre de la empresa del cliente y los dominios o empresas almacenados en la cuenta de forma gratuita con fines publicitarios. Esto es particularmente cierto como una menci\u00f3n de referencias en el dominio url-monitor.com, en materiales publicitarios impresos, v\u00eddeos promocionales, en stands feriales y en anuncios como .B. Facebook Ads, Google Ads, etc.<\/p>\n<p>(2) El contrato entre el cliente y el monitor DE URL se celebra mediante la aceptaci\u00f3n de la solicitud del cliente o por el primer acto de rendimiento llevado a cabo por URL-Monitor. La posibilidad de la interrupci\u00f3n del contenido basada en tarifas del cliente se considerar\u00e1 el consentimiento t\u00e1cito de URL-Monitor para la celebraci\u00f3n de un contrato correspondiente. URL-Monitor se reserva el derecho de negarse a aceptar la solicitud del cliente en casos individuales sin dar razones.<\/p>\n<p>3. El contrato tendr\u00e1 un plazo m\u00ednimo de un mes. El contrato se renueva autom\u00e1ticamente por el plazo reservado de acuerdo con el contrato. La rescisi\u00f3n debe hacerse por escrito y debe presentarse al menos 30 d\u00edas antes del final del per\u00edodo del contrato.<\/p>\n<p>(4) Despu\u00e9s de la expiraci\u00f3n de la versi\u00f3n de pago, se desactiva la funci\u00f3n de evaluaci\u00f3n dentro de la cuenta de cliente. Todos los proyectos almacenados y direcciones URL pueden ser eliminados por URL-Monitor despu\u00e9s de que caduque la versi\u00f3n de pago. La cuenta de prueba gratuita permanecer\u00e1 en su lugar durante un per\u00edodo de tiempo indefinido, a menos que el cliente o el monitor de URL eliminen activamente la cuenta. Sin embargo, despu\u00e9s del final de la fase de prueba, solo se puede acceder a los proyectos de derechos de lectura compartidos o compartidos con esta cuenta.<\/p>\n<p>(5) URL-Monitor se reserva el derecho de eliminar permanentemente la cuenta del cliente una semana despu\u00e9s de la expiraci\u00f3n de la versi\u00f3n de pago y as\u00ed eliminar todos los datos de cliente almacenados previamente.<\/p>\n<p>(6) El derecho a terminar por una buena causa no se ve afectado. Existe una raz\u00f3n importante en particular, pero no de manera concluyente, si el cliente infringe las obligaciones de la Secci\u00f3n 4 para. 1 a 3.<\/p>\n<h2>Beneficios e compensaci\u00f3n de la Secci\u00f3n 2<\/h2>\n<p>(1) El contrato se celebra de conformidad con los t\u00e9rminos y condiciones aqu\u00ed establecidos, en las condiciones de precio respectivas http:\/\/www.url-monitor.com\/ en el sitio web o a petici\u00f3n por correo electr\u00f3nico, y en el alcance de los servicios presentados en el sitio web y en estas GTC. Con el monitor de URL, se proporciona un software basado en navegador al cliente, con el que el cliente puede observar y comprobar los cambios en las DIRECCIONES URL que ha almacenado.<\/p>\n<p>(2) URL Monitor se reserva el derecho de ampliar, modificar o mejorar el Servicio en cualquier momento. Se informa al cliente de dichos cambios a intervalos regulares. Las restricciones en el alcance de los servicios s\u00f3lo son posibles si esto es inevitable por razones legales o si el cliente acepta esto a petici\u00f3n de URL-Monitor. Se considerar\u00e1 que se ha dado el consentimiento del cliente, siempre que el cliente no se oponga a una comunicaci\u00f3n correspondiente de URL-Monitor en un plazo de seis semanas a partir de la recepci\u00f3n de la comunicaci\u00f3n en forma de texto.<\/p>\n<p>(3) A menos que se acuerde un precio expr\u00e9s, la remuneraci\u00f3n por el acceso y uso del sitio web del servicio se basa en la lista de precios de URL-Monitor (la versi\u00f3n actual se puede recuperar por correo electr\u00f3nico a trav\u00e9s de info@url-monitor.com) en el momento de la solicitud del cliente. Con la aceptaci\u00f3n por parte de URL-Monitor, el cliente recibe una confirmaci\u00f3n del precio de compensaci\u00f3n en forma de texto. Si el cliente no se opone a esta confirmaci\u00f3n inmediatamente despu\u00e9s de se\u00f1alar, se considerar\u00e1 que este precio ha sido acordado en caso de duda.<\/p>\n<p>(4) EL MONITOR URL se reserva el derecho de cambiar el precio de los distintos paquetes de versiones. Los clientes que ya utilizan acceso de pago est\u00e1n excluidos de un cambio de precio durante el per\u00edodo pagado. El cambio de precio solo surtir\u00e1 efecto para este cliente despu\u00e9s de la terminaci\u00f3n y reactivaci\u00f3n del acceso por parte del cliente.<\/p>\n<p>(5) Los cambios t\u00e9cnicos y las desviaciones menores de los servicios ofrecidos por URL-Monitor est\u00e1n reservados en la medida en que deban esperarse del socio contractual a su razonable discreci\u00f3n. Si los servicios se mejoran t\u00e9cnicamente despu\u00e9s de la celebraci\u00f3n del contrato, se excluye el derecho a utilizar la versi\u00f3n anterior no mejorada. Si no se puede esperar que el socio contractual utilice la versi\u00f3n t\u00e9cnicamente mejorada debido a las circunstancias especiales del caso individual, podr\u00e1 rescindir el contrato a la exclusi\u00f3n de otros derechos. El retiro debe declararse en forma de texto sin demora.<\/p>\n<p>(6) S\u00f3lo el cliente respectivo tiene derecho al servicio. Queda prohibida la transferencia del software a terceros o la concesi\u00f3n de posibles usos por parte del cliente a terceros y da derecho a URL-Monitor a la terminaci\u00f3n extraordinaria.<\/p>\n<p>(7) Todos los precios para el uso contractual del monitor de URL no tienen IVA.<\/p>\n<p>(8) Como m\u00e9todo de pago, aceptamos transferencia bancaria o el m\u00e9todo de pago en l\u00ednea PayPal (http:\/\/www.paypal.de). El pago se realiza despu\u00e9s de la facturaci\u00f3n. Si el cliente no acepta este m\u00e9todo de pago, tambi\u00e9n es posible un m\u00e9todo de pago acordado con el cliente en casos individuales.<\/p>\n<h2>Secci\u00f3n 3 Derechos y obligaciones de uso<\/h2>\n<p>(1) El Monitor de URL ofrece al cliente la posibilidad de mantener las DIRECCIONES URL, que son recuperadas, almacenadas y evaluadas diariamente por el monitor de URL. Al cliente s\u00f3lo se le permite depositar URL cuya propiedad recae en \u00e9l o cuyo uso haya confirmado por el propietario respectivo. Est\u00e1 prohibido su uso m\u00e1s all\u00e1 de los t\u00e9rminos de uso. Esto se aplica no s\u00f3lo al acceso de pago, sino tambi\u00e9n a la cuenta de prueba gratuita. Al al alistar direcciones URL en el monitor de DIRECCI\u00d3N URL, el usuario debe confirmarlo de nuevo a trav\u00e9s de la casilla HTML.<\/p>\n<p>(2) En caso de mal uso intencional del monitor url con la intenci\u00f3n de da\u00f1ar el sistema, URL-Monitor se reserva el derecho de deshabilitar el acceso del usuario y, si es necesario, de emprender acciones legales.<\/p>\n<p>(3) Las contrase\u00f1as deben ser mantenidas en secreto por el usuario y no pueden ser transmitidas a terceros. El cliente tambi\u00e9n es responsable de los costos incurridos por otras personas a trav\u00e9s de su identificaci\u00f3n de acceso. El cliente se compromete a mantener las contrase\u00f1as personales y su DNI de acceso protegidos del acceso por terceros y a protegerlas del mal uso y la p\u00e9rdida. Adem\u00e1s, se descongela url-monitor de los costes y reclamaciones de terceros derivados de la violaci\u00f3n de las obligaciones anteriores.<\/p>\n<h2>Secci\u00f3n 4 Protecci\u00f3n de datos<\/h2>\n<p>Ver: http:\/\/www.url-monitor.com\/datenschutzerklaerung\/<\/p>\n<p>(1) URL-Monitor asegura que los datos personales de los clientes s\u00f3lo ser\u00e1n recopilados, almacenados y procesados si esto es necesario para la prestaci\u00f3n contractual de servicios y est\u00e1 permitido por disposiciones legales, en particular las de la Ley Federal de Protecci\u00f3n de Datos, o por el legislador.<\/p>\n<p>(2) Url-Monitor tiene prohibido realizar o transmitir datos a terceros sin el consentimiento por escrito del cliente. El \u00fanico poder de eliminaci\u00f3n de todos los datos permanece as\u00ed en el cliente, que por lo tanto tambi\u00e9n determina \u00fanicamente por la recopilaci\u00f3n, procesamiento o uso de archivos espec\u00edficos del cliente.<\/p>\n<h2>Disponibilidad de la Secci\u00f3n 5, Tiempo de inactividad<\/h2>\n<p>(1) URL-Monitor garantiza la disponibilidad de sus servidores web de Internet del 93 % sobre un promedio anual y se reserva el derecho de restringir temporalmente los servicios contractuales con respecto a los l\u00edmites de capacidad, el mantenimiento y las medidas relacionadas con la seguridad. URL-Monitor no se hace responsable de la funcionalidad de las l\u00edneas telef\u00f3nicas o de Internet al servidor contractual, en caso de cortes de energ\u00eda y en caso de aver\u00edas en Internet, as\u00ed como de fallos de servidores que no se encuentren dentro de su \u00e1mbito de influencia. Si no se puede acceder a los servicios contractuales durante m\u00e1s de 48 horas seguidas o 72 horas\/mes, el Monitor de URL conceder\u00e1 al cliente un descuento del 25 por ciento a petici\u00f3n del mes en que se impidi\u00f3 el acceso.<\/p>\n<p>(2) El monitor de URL est\u00e1 dise\u00f1ado para recuperar las DIRECCIONES URL almacenadas del cliente una vez al d\u00eda. No se especifica un momento preciso de revisi\u00f3n que puede variar a diario. Si, debido a problemas del servidor o fallos t\u00e9cnicos imprevisibles, los datos no se pueden recopilar en un d\u00eda, URL-Monitor se asegurar\u00e1 inmediatamente de que los datos est\u00e9n disponibles al d\u00eda siguiente. Sin embargo, la evaluaci\u00f3n del d\u00eda fallido no est\u00e1 disponible. Si no hay datos sobre las DIRECCIONES URL almacenadas por el cliente en el monitor de URL durante m\u00e1s de cinco d\u00edas en el mes calendario, el Monitor de URL conceder\u00e1 al cliente un descuento del 25% para el mes calendario afectado previa solicitud.<\/p>\n<p>(3) Cualquier otra reclamaci\u00f3n est\u00e1 excluida, a menos que URL-Monitor haya actuado intencionalmente o por negligencia grave.<\/p>\n<p>(4) El art\u00edculo 536 del C\u00f3digo Civil alem\u00e1n (BGB) no se ve afectado.<\/p>\n<h2>Responsabilidad de la Secci\u00f3n 6<\/h2>\n<p>(1) URL-Monitor s\u00f3lo ser\u00e1 responsable en caso de intenci\u00f3n y negligencia grave por todos los da\u00f1os causados por \u00e9l en relaci\u00f3n con la prestaci\u00f3n del servicio contractual. Adem\u00e1s, URL-Monitor es responsable de conformidad con las disposiciones legales si ha violado culpablemente una obligaci\u00f3n contractual esencial, as\u00ed como en casos de lesiones a la vida, el cuerpo o la salud. En resumen, las obligaciones contractuales esenciales son dichas obligaciones, cuyo cumplimiento hace posible la correcta ejecuci\u00f3n del contrato en primer lugar y en cuyo cumplimiento puede confiar regularmente el cliente.<\/p>\n<p>(2) En la medida en que la liligaci\u00f3n negligentemente negligente de las obligaciones contractuales esenciales, URL-Monitor s\u00f3lo ser\u00e1 responsable en la cantidad del da\u00f1o que normalmente ocurre. Esto tambi\u00e9n se aplica si los representantes legales o agentes vicarios de URL-Monitor violan levemente las obligaciones.<\/p>\n<p>(3) URL-Monitor s\u00f3lo ser\u00e1 responsable de los da\u00f1os resultantes de un retraso en el rendimiento si URL-Monitor ha actuado intencionalmente o por negligencia grave. En el resto, los derechos del cliente no se ver\u00e1n afectados en caso de retraso.<\/p>\n<p>(4) La compensaci\u00f3n por el incumplimiento de una obligaci\u00f3n contractual esencial se limita a da\u00f1os previsibles, normalmente ocurriendo, pero no m\u00e1s del 100 por ciento de la compensaci\u00f3n acordada en el momento de la celebraci\u00f3n del contrato por reclamaci\u00f3n, a menos que haya intenci\u00f3n o negligencia grave. A este respecto, estas reclamaciones por da\u00f1os y perjuicios pasar\u00e1n a ser prescritos despu\u00e9s de 12 meses.<\/p>\n<p>(5) Se excluye la responsabilidad de URL-Monitor por da\u00f1os y perjuicios por defectos presentes en el momento de la celebraci\u00f3n del contrato.<\/p>\n<p>(6) URL-Monitor no se hace responsable de los fallos o da\u00f1os de los que sean responsables terceros.<\/p>\n<p>(7) URL-Monitor no se hace responsable de ninguna restricci\u00f3n en el contenido o el tiempo del uso de la herramienta, siempre que se basen en dificultades t\u00e9cnicas.<\/p>\n<p>(8) La responsabilidad de conformidad con las disposiciones de la Ley de Responsabilidad del Producto sigue sin verse afectada.<\/p>\n<p>(9) A menos que exista alguna intenci\u00f3n, negligencia grave o garant\u00eda de URL-Monitor, URL-Monitor no ser\u00e1 responsable de da\u00f1os indirectos del cliente, como p\u00e9rdida de ganancias.<\/p>\n<h2>Secci\u00f3n 7 Cl\u00e1usula de indemnizaci\u00f3n, desviaciones y cambios<\/h2>\n<p>(1) No se han celebrado acuerdos auxiliares. Los cambios y adiciones a estos t\u00e9rminos y condiciones s\u00f3lo son v\u00e1lidos si han sido confirmados por escrito por un director general de URL-Monitor GmbH con derecho a representarlos. Todos los acuerdos individuales deben hacerse por escrito sin demora. Los pedidos del cliente o condiciones especiales solicitadas por el cliente solo se aceptan despu\u00e9s de la confirmaci\u00f3n por escrito de URL-Monitor GmbH. El requisito de formulario escrito tambi\u00e9n se observa cuando se utiliza el correo electr\u00f3nico.<\/p>\n<p>2) En caso de que una o varias disposiciones sean ineficaces, ello no afectar\u00e1 a la validez de los acuerdos restantes. La disposici\u00f3n inv\u00e1lida se sustituir\u00e1 por una disposici\u00f3n que, de manera legalmente admisible, corresponde al sentido econ\u00f3mico y a la finalidad de la disposici\u00f3n inv\u00e1lida.<\/p>\n<h2>Disposiciones finales de la Secci\u00f3n 8<\/h2>\n<p>(1) El Derecho alem\u00e1n se aplica exclusivamente a las relaciones contractuales. El lugar de jurisdicci\u00f3n es Coblenza.<\/p>\n<p>(2) URL-Monitor tiene derecho a cambiar o complementar los T\u00e9rminos y Condiciones, siempre que el cliente acepte hacerlo. El cliente ser\u00e1 informado de los cambios planificados en el GTC en forma de texto al menos un mes antes de la fecha prevista de cambio. Se considerar\u00e1 que el consentimiento del cliente se ha dado si no se opone en el plazo de un mes a partir de la recepci\u00f3n de la notificaci\u00f3n del cambio o adici\u00f3n.<\/p>\n<\/div><\/div><\/div><\/div><\/div>\n","protected":false},"excerpt":{"rendered":"","protected":false},"author":1,"featured_media":0,"parent":0,"menu_order":0,"comment_status":"closed","ping_status":"closed","template":"","meta":{"footnotes":""},"class_list":["post-509","page","type-page","status-publish","hentry"],"yoast_head":"<!-- This site is optimized with the Yoast SEO plugin v26.0 - https:\/\/yoast.com\/wordpress\/plugins\/seo\/ -->\n<title>Condiciones - URL-Monitor: Tool f\u00fcr SEO Qualit\u00e4tssicherung<\/title>\n<meta name=\"robots\" content=\"index, follow, max-snippet:-1, max-image-preview:large, max-video-preview:-1\" \/>\n<link rel=\"canonical\" href=\"https:\/\/url-monitor.com\/es\/condiciones\/\" \/>\n<meta property=\"og:locale\" content=\"es_ES\" \/>\n<meta property=\"og:type\" content=\"article\" \/>\n<meta property=\"og:title\" content=\"Condiciones - URL-Monitor: Tool f\u00fcr SEO Qualit\u00e4tssicherung\" \/>\n<meta property=\"og:url\" content=\"https:\/\/url-monitor.com\/es\/condiciones\/\" \/>\n<meta property=\"og:site_name\" content=\"URL-Monitor: Tool f\u00fcr SEO Qualit\u00e4tssicherung\" \/>\n<meta property=\"article:modified_time\" content=\"2023-03-23T16:31:11+00:00\" \/>\n<meta name=\"twitter:card\" content=\"summary_large_image\" \/>\n<script type=\"application\/ld+json\" class=\"yoast-schema-graph\">{\"@context\":\"https:\/\/schema.org\",\"@graph\":[{\"@type\":\"WebPage\",\"@id\":\"https:\/\/url-monitor.com\/es\/condiciones\/\",\"url\":\"https:\/\/url-monitor.com\/es\/condiciones\/\",\"name\":\"Condiciones - URL-Monitor: Tool f\u00fcr SEO Qualit\u00e4tssicherung\",\"isPartOf\":{\"@id\":\"https:\/\/url-monitor.com\/es\/#website\"},\"datePublished\":\"2021-04-13T13:16:52+00:00\",\"dateModified\":\"2023-03-23T16:31:11+00:00\",\"breadcrumb\":{\"@id\":\"https:\/\/url-monitor.com\/es\/condiciones\/#breadcrumb\"},\"inLanguage\":\"es\",\"potentialAction\":[{\"@type\":\"ReadAction\",\"target\":[\"https:\/\/url-monitor.com\/es\/condiciones\/\"]}]},{\"@type\":\"BreadcrumbList\",\"@id\":\"https:\/\/url-monitor.com\/es\/condiciones\/#breadcrumb\",\"itemListElement\":[{\"@type\":\"ListItem\",\"position\":1,\"name\":\"Startseite\",\"item\":\"https:\/\/url-monitor.com\/es\/\"},{\"@type\":\"ListItem\",\"position\":2,\"name\":\"Condiciones\"}]},{\"@type\":\"WebSite\",\"@id\":\"https:\/\/url-monitor.com\/es\/#website\",\"url\":\"https:\/\/url-monitor.com\/es\/\",\"name\":\"URL-Monitor: Tool f\u00fcr SEO Qualit\u00e4tssicherung\",\"description\":\"\",\"publisher\":{\"@id\":\"https:\/\/url-monitor.com\/es\/#organization\"},\"potentialAction\":[{\"@type\":\"SearchAction\",\"target\":{\"@type\":\"EntryPoint\",\"urlTemplate\":\"https:\/\/url-monitor.com\/es\/?s={search_term_string}\"},\"query-input\":{\"@type\":\"PropertyValueSpecification\",\"valueRequired\":true,\"valueName\":\"search_term_string\"}}],\"inLanguage\":\"es\"},{\"@type\":\"Organization\",\"@id\":\"https:\/\/url-monitor.com\/es\/#organization\",\"name\":\"URL-Monitor GmbH\",\"url\":\"https:\/\/url-monitor.com\/es\/\",\"logo\":{\"@type\":\"ImageObject\",\"inLanguage\":\"es\",\"@id\":\"https:\/\/url-monitor.com\/es\/#\/schema\/logo\/image\/\",\"url\":\"https:\/\/url-monitor.com\/wp-content\/uploads\/URL-Monitor-Logo-gross-blau.png\",\"contentUrl\":\"https:\/\/url-monitor.com\/wp-content\/uploads\/URL-Monitor-Logo-gross-blau.png\",\"width\":3000,\"height\":574,\"caption\":\"URL-Monitor GmbH\"},\"image\":{\"@id\":\"https:\/\/url-monitor.com\/es\/#\/schema\/logo\/image\/\"}}]}<\/script>\n<!-- \/ Yoast SEO plugin. -->","yoast_head_json":{"title":"Condiciones - URL-Monitor: Tool f\u00fcr SEO Qualit\u00e4tssicherung","robots":{"index":"index","follow":"follow","max-snippet":"max-snippet:-1","max-image-preview":"max-image-preview:large","max-video-preview":"max-video-preview:-1"},"canonical":"https:\/\/url-monitor.com\/es\/condiciones\/","og_locale":"es_ES","og_type":"article","og_title":"Condiciones - URL-Monitor: Tool f\u00fcr SEO Qualit\u00e4tssicherung","og_url":"https:\/\/url-monitor.com\/es\/condiciones\/","og_site_name":"URL-Monitor: Tool f\u00fcr SEO Qualit\u00e4tssicherung","article_modified_time":"2023-03-23T16:31:11+00:00","twitter_card":"summary_large_image","schema":{"@context":"https:\/\/schema.org","@graph":[{"@type":"WebPage","@id":"https:\/\/url-monitor.com\/es\/condiciones\/","url":"https:\/\/url-monitor.com\/es\/condiciones\/","name":"Condiciones - URL-Monitor: Tool f\u00fcr SEO Qualit\u00e4tssicherung","isPartOf":{"@id":"https:\/\/url-monitor.com\/es\/#website"},"datePublished":"2021-04-13T13:16:52+00:00","dateModified":"2023-03-23T16:31:11+00:00","breadcrumb":{"@id":"https:\/\/url-monitor.com\/es\/condiciones\/#breadcrumb"},"inLanguage":"es","potentialAction":[{"@type":"ReadAction","target":["https:\/\/url-monitor.com\/es\/condiciones\/"]}]},{"@type":"BreadcrumbList","@id":"https:\/\/url-monitor.com\/es\/condiciones\/#breadcrumb","itemListElement":[{"@type":"ListItem","position":1,"name":"Startseite","item":"https:\/\/url-monitor.com\/es\/"},{"@type":"ListItem","position":2,"name":"Condiciones"}]},{"@type":"WebSite","@id":"https:\/\/url-monitor.com\/es\/#website","url":"https:\/\/url-monitor.com\/es\/","name":"URL-Monitor: Tool f\u00fcr SEO Qualit\u00e4tssicherung","description":"","publisher":{"@id":"https:\/\/url-monitor.com\/es\/#organization"},"potentialAction":[{"@type":"SearchAction","target":{"@type":"EntryPoint","urlTemplate":"https:\/\/url-monitor.com\/es\/?s={search_term_string}"},"query-input":{"@type":"PropertyValueSpecification","valueRequired":true,"valueName":"search_term_string"}}],"inLanguage":"es"},{"@type":"Organization","@id":"https:\/\/url-monitor.com\/es\/#organization","name":"URL-Monitor GmbH","url":"https:\/\/url-monitor.com\/es\/","logo":{"@type":"ImageObject","inLanguage":"es","@id":"https:\/\/url-monitor.com\/es\/#\/schema\/logo\/image\/","url":"https:\/\/url-monitor.com\/wp-content\/uploads\/URL-Monitor-Logo-gross-blau.png","contentUrl":"https:\/\/url-monitor.com\/wp-content\/uploads\/URL-Monitor-Logo-gross-blau.png","width":3000,"height":574,"caption":"URL-Monitor GmbH"},"image":{"@id":"https:\/\/url-monitor.com\/es\/#\/schema\/logo\/image\/"}}]}},"_links":{"self":[{"href":"https:\/\/url-monitor.com\/es\/wp-json\/wp\/v2\/pages\/509","targetHints":{"allow":["GET"]}}],"collection":[{"href":"https:\/\/url-monitor.com\/es\/wp-json\/wp\/v2\/pages"}],"about":[{"href":"https:\/\/url-monitor.com\/es\/wp-json\/wp\/v2\/types\/page"}],"author":[{"embeddable":true,"href":"https:\/\/url-monitor.com\/es\/wp-json\/wp\/v2\/users\/1"}],"replies":[{"embeddable":true,"href":"https:\/\/url-monitor.com\/es\/wp-json\/wp\/v2\/comments?post=509"}],"version-history":[{"count":6,"href":"https:\/\/url-monitor.com\/es\/wp-json\/wp\/v2\/pages\/509\/revisions"}],"predecessor-version":[{"id":2638,"href":"https:\/\/url-monitor.com\/es\/wp-json\/wp\/v2\/pages\/509\/revisions\/2638"}],"wp:attachment":[{"href":"https:\/\/url-monitor.com\/es\/wp-json\/wp\/v2\/media?parent=509"}],"curies":[{"name":"wp","href":"https:\/\/api.w.org\/{rel}","templated":true}]}}