{"id":500,"date":"2021-04-13T14:53:55","date_gmt":"2021-04-13T12:53:55","guid":{"rendered":"https:\/\/urlmonitor.1a-8854.antagusserver.de\/impresion\/"},"modified":"2021-07-13T22:46:26","modified_gmt":"2021-07-13T20:46:26","slug":"impresion","status":"publish","type":"page","link":"https:\/\/url-monitor.com\/es\/impresion\/","title":{"rendered":"Impresi\u00f3n"},"content":{"rendered":"<div class=\"fusion-fullwidth fullwidth-box fusion-builder-row-1 fusion-flex-container nonhundred-percent-fullwidth non-hundred-percent-height-scrolling\" style=\"--awb-border-radius-top-left:0px;--awb-border-radius-top-right:0px;--awb-border-radius-bottom-right:0px;--awb-border-radius-bottom-left:0px;--awb-flex-wrap:wrap;\" ><div class=\"fusion-builder-row fusion-row fusion-flex-align-items-flex-start fusion-flex-content-wrap\" style=\"max-width:1456px;margin-left: calc(-4% \/ 2 );margin-right: calc(-4% \/ 2 );\"><div class=\"fusion-layout-column fusion_builder_column fusion-builder-column-0 fusion_builder_column_1_1 1_1 fusion-flex-column\" style=\"--awb-bg-size:cover;--awb-width-large:100%;--awb-margin-top-large:0px;--awb-spacing-right-large:1.92%;--awb-margin-bottom-large:0px;--awb-spacing-left-large:1.92%;--awb-width-medium:100%;--awb-spacing-right-medium:1.92%;--awb-spacing-left-medium:1.92%;--awb-width-small:100%;--awb-spacing-right-small:1.92%;--awb-spacing-left-small:1.92%;\"><div class=\"fusion-column-wrapper fusion-flex-justify-content-flex-start fusion-content-layout-column\"><div class=\"fusion-text fusion-text-1\"><p><strong>URL Monitor<br \/>\nGmbH<\/strong>Funkerberg 16d<br \/>\n15711 K\u00f6nigs Wusterhausen<\/p>\n<p><strong>Direcci\u00f3n postal:<\/strong><br \/>\nCaya Postbox 51957X<br \/>\nAMN Data Solutions Ltd.<br \/>\nBerl\u00edn 11516<\/p>\n<p><i class=\"fa fa-phone\"><\/i>  +49 (0) 30 \u2013 6 09 84 99 77<br \/>\n<i class=\"fa fa-fax\"><\/i>  +49 (0) 30 \u2013 6 09 84 99 73<br \/>\n<i class=\"fa fa-envelope\"><\/i>  info (en) url-monitor.com<\/p>\n<p><strong>Director General con derecho a representar<\/strong><br \/>\nHendrik Henze<\/p>\n<p><strong>UST ID s. 27a UStG<\/strong><br \/>\nDE298305177<\/p>\n<p><strong>Registrar tribunal, n\u00famero de registro<\/strong><br \/>\nAmtsgericht Cottbus, HRB 15538<\/p>\n<p>Responsable del contenido de acuerdo con la Secci\u00f3n 18 p\u00e1rr. 2 MStV: Hendrik Henze, Funkerberg 16d, 15711 K\u00f6nigs Wusterhausen<br \/>\nEsta impresi\u00f3n tambi\u00e9n se aplica a los siguientes perfiles de redes sociales:<br \/>\n&#8211; Facebook: <a href=\"https:\/\/www.facebook.com\/urlmonitor\" target=\"_blank\" rel=\"noopener\">facebook.com\/urlmonitor<\/a><\/p>\n<\/div><\/div><\/div><\/div><\/div>\n","protected":false},"excerpt":{"rendered":"","protected":false},"author":1,"featured_media":0,"parent":0,"menu_order":0,"comment_status":"closed","ping_status":"closed","template":"","meta":{"footnotes":""},"class_list":["post-500","page","type-page","status-publish","hentry"],"yoast_head":"<!-- This site is optimized with the Yoast SEO plugin v26.0 - https:\/\/yoast.com\/wordpress\/plugins\/seo\/ -->\n<title>Impresi\u00f3n - URL-Monitor: Tool f\u00fcr SEO Qualit\u00e4tssicherung<\/title>\n<meta name=\"robots\" content=\"index, follow, max-snippet:-1, max-image-preview:large, max-video-preview:-1\" \/>\n<link rel=\"canonical\" href=\"https:\/\/url-monitor.com\/es\/impresion\/\" \/>\n<meta property=\"og:locale\" content=\"es_ES\" \/>\n<meta property=\"og:type\" content=\"article\" \/>\n<meta property=\"og:title\" content=\"Impresi\u00f3n - URL-Monitor: Tool f\u00fcr SEO Qualit\u00e4tssicherung\" \/>\n<meta property=\"og:url\" content=\"https:\/\/url-monitor.com\/es\/impresion\/\" \/>\n<meta property=\"og:site_name\" content=\"URL-Monitor: Tool f\u00fcr SEO Qualit\u00e4tssicherung\" \/>\n<meta property=\"article:modified_time\" content=\"2021-07-13T20:46:26+00:00\" \/>\n<meta name=\"twitter:card\" content=\"summary_large_image\" \/>\n<script type=\"application\/ld+json\" class=\"yoast-schema-graph\">{\"@context\":\"https:\/\/schema.org\",\"@graph\":[{\"@type\":\"WebPage\",\"@id\":\"https:\/\/url-monitor.com\/es\/impresion\/\",\"url\":\"https:\/\/url-monitor.com\/es\/impresion\/\",\"name\":\"Impresi\u00f3n - URL-Monitor: Tool f\u00fcr SEO Qualit\u00e4tssicherung\",\"isPartOf\":{\"@id\":\"https:\/\/url-monitor.com\/es\/#website\"},\"datePublished\":\"2021-04-13T12:53:55+00:00\",\"dateModified\":\"2021-07-13T20:46:26+00:00\",\"breadcrumb\":{\"@id\":\"https:\/\/url-monitor.com\/es\/impresion\/#breadcrumb\"},\"inLanguage\":\"es\",\"potentialAction\":[{\"@type\":\"ReadAction\",\"target\":[\"https:\/\/url-monitor.com\/es\/impresion\/\"]}]},{\"@type\":\"BreadcrumbList\",\"@id\":\"https:\/\/url-monitor.com\/es\/impresion\/#breadcrumb\",\"itemListElement\":[{\"@type\":\"ListItem\",\"position\":1,\"name\":\"Startseite\",\"item\":\"https:\/\/url-monitor.com\/es\/\"},{\"@type\":\"ListItem\",\"position\":2,\"name\":\"Impresi\u00f3n\"}]},{\"@type\":\"WebSite\",\"@id\":\"https:\/\/url-monitor.com\/es\/#website\",\"url\":\"https:\/\/url-monitor.com\/es\/\",\"name\":\"URL-Monitor: Tool f\u00fcr SEO Qualit\u00e4tssicherung\",\"description\":\"\",\"publisher\":{\"@id\":\"https:\/\/url-monitor.com\/es\/#organization\"},\"potentialAction\":[{\"@type\":\"SearchAction\",\"target\":{\"@type\":\"EntryPoint\",\"urlTemplate\":\"https:\/\/url-monitor.com\/es\/?s={search_term_string}\"},\"query-input\":{\"@type\":\"PropertyValueSpecification\",\"valueRequired\":true,\"valueName\":\"search_term_string\"}}],\"inLanguage\":\"es\"},{\"@type\":\"Organization\",\"@id\":\"https:\/\/url-monitor.com\/es\/#organization\",\"name\":\"URL-Monitor GmbH\",\"url\":\"https:\/\/url-monitor.com\/es\/\",\"logo\":{\"@type\":\"ImageObject\",\"inLanguage\":\"es\",\"@id\":\"https:\/\/url-monitor.com\/es\/#\/schema\/logo\/image\/\",\"url\":\"https:\/\/url-monitor.com\/wp-content\/uploads\/URL-Monitor-Logo-gross-blau.png\",\"contentUrl\":\"https:\/\/url-monitor.com\/wp-content\/uploads\/URL-Monitor-Logo-gross-blau.png\",\"width\":3000,\"height\":574,\"caption\":\"URL-Monitor GmbH\"},\"image\":{\"@id\":\"https:\/\/url-monitor.com\/es\/#\/schema\/logo\/image\/\"}}]}<\/script>\n<!-- \/ Yoast SEO plugin. -->","yoast_head_json":{"title":"Impresi\u00f3n - URL-Monitor: Tool f\u00fcr SEO Qualit\u00e4tssicherung","robots":{"index":"index","follow":"follow","max-snippet":"max-snippet:-1","max-image-preview":"max-image-preview:large","max-video-preview":"max-video-preview:-1"},"canonical":"https:\/\/url-monitor.com\/es\/impresion\/","og_locale":"es_ES","og_type":"article","og_title":"Impresi\u00f3n - URL-Monitor: Tool f\u00fcr SEO Qualit\u00e4tssicherung","og_url":"https:\/\/url-monitor.com\/es\/impresion\/","og_site_name":"URL-Monitor: Tool f\u00fcr SEO Qualit\u00e4tssicherung","article_modified_time":"2021-07-13T20:46:26+00:00","twitter_card":"summary_large_image","schema":{"@context":"https:\/\/schema.org","@graph":[{"@type":"WebPage","@id":"https:\/\/url-monitor.com\/es\/impresion\/","url":"https:\/\/url-monitor.com\/es\/impresion\/","name":"Impresi\u00f3n - URL-Monitor: Tool f\u00fcr SEO Qualit\u00e4tssicherung","isPartOf":{"@id":"https:\/\/url-monitor.com\/es\/#website"},"datePublished":"2021-04-13T12:53:55+00:00","dateModified":"2021-07-13T20:46:26+00:00","breadcrumb":{"@id":"https:\/\/url-monitor.com\/es\/impresion\/#breadcrumb"},"inLanguage":"es","potentialAction":[{"@type":"ReadAction","target":["https:\/\/url-monitor.com\/es\/impresion\/"]}]},{"@type":"BreadcrumbList","@id":"https:\/\/url-monitor.com\/es\/impresion\/#breadcrumb","itemListElement":[{"@type":"ListItem","position":1,"name":"Startseite","item":"https:\/\/url-monitor.com\/es\/"},{"@type":"ListItem","position":2,"name":"Impresi\u00f3n"}]},{"@type":"WebSite","@id":"https:\/\/url-monitor.com\/es\/#website","url":"https:\/\/url-monitor.com\/es\/","name":"URL-Monitor: Tool f\u00fcr SEO Qualit\u00e4tssicherung","description":"","publisher":{"@id":"https:\/\/url-monitor.com\/es\/#organization"},"potentialAction":[{"@type":"SearchAction","target":{"@type":"EntryPoint","urlTemplate":"https:\/\/url-monitor.com\/es\/?s={search_term_string}"},"query-input":{"@type":"PropertyValueSpecification","valueRequired":true,"valueName":"search_term_string"}}],"inLanguage":"es"},{"@type":"Organization","@id":"https:\/\/url-monitor.com\/es\/#organization","name":"URL-Monitor GmbH","url":"https:\/\/url-monitor.com\/es\/","logo":{"@type":"ImageObject","inLanguage":"es","@id":"https:\/\/url-monitor.com\/es\/#\/schema\/logo\/image\/","url":"https:\/\/url-monitor.com\/wp-content\/uploads\/URL-Monitor-Logo-gross-blau.png","contentUrl":"https:\/\/url-monitor.com\/wp-content\/uploads\/URL-Monitor-Logo-gross-blau.png","width":3000,"height":574,"caption":"URL-Monitor GmbH"},"image":{"@id":"https:\/\/url-monitor.com\/es\/#\/schema\/logo\/image\/"}}]}},"_links":{"self":[{"href":"https:\/\/url-monitor.com\/es\/wp-json\/wp\/v2\/pages\/500","targetHints":{"allow":["GET"]}}],"collection":[{"href":"https:\/\/url-monitor.com\/es\/wp-json\/wp\/v2\/pages"}],"about":[{"href":"https:\/\/url-monitor.com\/es\/wp-json\/wp\/v2\/types\/page"}],"author":[{"embeddable":true,"href":"https:\/\/url-monitor.com\/es\/wp-json\/wp\/v2\/users\/1"}],"replies":[{"embeddable":true,"href":"https:\/\/url-monitor.com\/es\/wp-json\/wp\/v2\/comments?post=500"}],"version-history":[{"count":0,"href":"https:\/\/url-monitor.com\/es\/wp-json\/wp\/v2\/pages\/500\/revisions"}],"wp:attachment":[{"href":"https:\/\/url-monitor.com\/es\/wp-json\/wp\/v2\/media?parent=500"}],"curies":[{"name":"wp","href":"https:\/\/api.w.org\/{rel}","templated":true}]}}