{"id":779,"date":"2021-06-08T14:35:23","date_gmt":"2021-06-08T12:35:23","guid":{"rendered":"https:\/\/url-monitor.com\/?page_id=779"},"modified":"2021-08-28T13:33:02","modified_gmt":"2021-08-28T11:33:02","slug":"website-monitoring","status":"publish","type":"page","link":"https:\/\/url-monitor.com\/de\/website-monitoring\/","title":{"rendered":"Website Monitoring"},"content":{"rendered":"<div class=\"fusion-fullwidth fullwidth-box fusion-builder-row-1 fusion-flex-container nonhundred-percent-fullwidth non-hundred-percent-height-scrolling\" style=\"--awb-border-radius-top-left:0px;--awb-border-radius-top-right:0px;--awb-border-radius-bottom-right:0px;--awb-border-radius-bottom-left:0px;--awb-flex-wrap:wrap;\" ><div class=\"fusion-builder-row fusion-row fusion-flex-align-items-flex-start fusion-flex-content-wrap\" style=\"max-width:1456px;margin-left: calc(-4% \/ 2 );margin-right: calc(-4% \/ 2 );\"><div class=\"fusion-layout-column fusion_builder_column fusion-builder-column-0 fusion_builder_column_1_1 1_1 fusion-flex-column\" style=\"--awb-bg-size:cover;--awb-width-large:100%;--awb-margin-top-large:0px;--awb-spacing-right-large:1.92%;--awb-margin-bottom-large:20px;--awb-spacing-left-large:1.92%;--awb-width-medium:100%;--awb-order-medium:0;--awb-spacing-right-medium:1.92%;--awb-spacing-left-medium:1.92%;--awb-width-small:100%;--awb-order-small:0;--awb-spacing-right-small:1.92%;--awb-spacing-left-small:1.92%;\"><div class=\"fusion-column-wrapper fusion-column-has-shadow fusion-flex-justify-content-flex-start fusion-content-layout-column\"><div class=\"fusion-text fusion-text-1\"><p>Du willst deine Webseite \u00fcberwachen lassen?<\/p>\n<p>Dann erh\u00e4ltst du hier einen umfassenden Ratgeber welche Elemente und Seiten-Typen du \u00fcberwachen lassen solltest.<\/p>\n<p>Und da du meist nicht allein arbeitest solltest du dabei deine Kollegen aus der SEO-, SEA-, PPC-, Analytics- sowie Rechts-Abteilung mit einbeziehen.<\/p>\n<p>Denn dann holt ihr aus der verwendeten Monitoring-Software &#8211; wie zum Beispiel <a href=\"https:\/\/url-monitor.com\/de\/\">URL-Monitor<\/a> &#8211; das Maximum heraus.<\/p>\n<h2 class=\"fusion-responsive-typography-calculated\" style=\"--fontsize: 40; line-height: 1.2;\" data-fontsize=\"40\" data-lineheight=\"48px\">Webseiten-Elemente, die du \u00fcberwachen solltest<\/h2>\n<h3 class=\"fusion-responsive-typography-calculated\" style=\"--fontsize: 32; line-height: 1.3;\" data-fontsize=\"32\" data-lineheight=\"41.6px\">Content-Elemente<\/h3>\n<p>Folgende Content-Elemente solltest du \u00fcberpr\u00fcfen lassen. Dabei kannst du bei URL-Monitor ausw\u00e4hlen, ob du einen konkreten Text oder nur auf Vorhandensein eines Keywords \u00fcberpr\u00fcfen lassen m\u00f6chtest.<\/p>\n<ul>\n<li><strong>Meta-Titles:<\/strong> Ist der Title wie gew\u00fcnscht vorhanden? Beinhaltet der Title das wichtigste Keyword?<\/li>\n<li><strong>Meta-Descriptions:<\/strong> Ist die Description wie gew\u00fcnscht vorhanden? Beinhaltet die Description das wichtigste Keyword?<\/li>\n<li><strong>\u00dcberschriften:<\/strong> Gibt es eine h1, h2, h3, etc \u00dcberschrift? Beinhaltet diese das bzw die wichtigsten Keywords?<\/li>\n<li><strong>Texte:<\/strong> Ist ein Text auf der Seite? Beinhaltet der Text bestimmte S\u00e4tze oder W\u00f6rter?<\/li>\n<li><strong>rechtliche Hinweise:<\/strong> Wird auf die Datenschutzerkl\u00e4rung hingewiesen? Werden verbraucherschutzrechtliche Hinweise angezeigt?<\/li>\n<li><strong>Bilder:<\/strong> Ist ein bestimmtes Bild vorhanden? Ist das Bild korrekt benamt?<\/li>\n<li><strong>Anker-Links:<\/strong> Funktionieren Inhaltsverzeichnisse? Funktioniert die Verlinkung auf z.B. Testimonials.<br \/>Bei eis.de funktioniert der Anker zu den Produkt-Bewertungen beispielsweise nicht: https:\/\/www.eis.de\/p\/satisfyer-satisfyer-pro-2-neue-naechste-generation-015030to?ajax=true#reviews)<\/li>\n<li><strong>ausgehende Links:<\/strong> Ist das Impressum verlinkt? Ist die Datenschutzerkl\u00e4rung verlinkt? Wird auf einen wichtigen Partner verlinkt?<\/li>\n<\/ul>\n<h3 class=\"fusion-responsive-typography-calculated\" style=\"--fontsize: 32; line-height: 1.3;\" data-fontsize=\"32\" data-lineheight=\"41.6px\">Technischen Elemente<\/h3>\n<ul>\n<li><strong>Weiterleitungen:<\/strong> Wird eine URL, die von anderen Webseiten verlinkt ist, noch immer korrekt weitergeleitet?<\/li>\n<li><strong>Canonical-Tags:<\/strong> Verweist der Canonical Tag auf die \u00fcberwachte oder eine andere gew\u00fcnschte URL?<\/li>\n<li><strong>x-Robots:<\/strong> D\u00fcrfen Suchmaschinen die Seite besuchen und indexieren?<\/li>\n<li><strong>href-lang:<\/strong> Werden \u00fcbersetzte Versionen korrekt benannt?<\/li>\n<li><strong>Ladezeiten:<\/strong> Bleibt die Ladezeit konstant oder verbessert sie sich sogar?<\/li>\n<li><strong>Status-Codes:<\/strong> Hat die Seite immer den gleichen Status-Code oder gibt es hin und wieder \u00c4nderungen? Speziell bei Shop-Kategorien kann es hier zu Problemen kommen.<\/li>\n<li><strong>Haupt-Men\u00fc:<\/strong> Werden die wichtigsten Seiten im Men\u00fc verlinkt?<\/li>\n<li><strong>Seiten-Gr\u00f6\u00dfe:<\/strong> Ver\u00e4ndert sich die Gr\u00f6\u00dfe der Seite in Bytes gemessen? Schwankt diese sogar?<\/li>\n<li><strong>Anzahl ausgehende Links:<\/strong> Ver\u00e4ndert sich die Anzahl an ausgehenden Links? Schwankt diese sogar?<\/li>\n<\/ul>\n<h3 class=\"fusion-responsive-typography-calculated\" style=\"--fontsize: 32; line-height: 1.3;\" data-fontsize=\"32\" data-lineheight=\"41.6px\">Conversion-Elemente<\/h3>\n<ul>\n<li><strong>Buttons:<\/strong> K\u00f6nnen Kunden kaufen? K\u00f6nnen Interessenten sich in den Newsletter eintragen?<\/li>\n<li><strong>Preise:<\/strong> Wird der (richtige) Preis angezeigt?<\/li>\n<li><strong>Testimonials:<\/strong> Werden Testimonials angezeigt?<\/li>\n<li><strong>wichtige Verlinkungen:<\/strong> Wird auf wichtige Verkaufsseiten verlinkt?<\/li>\n<li><strong>spezielle Bilder:<\/strong> Werden G\u00fctesiegel angezeigt? Werden Bezahlarten angezeigt?<\/li>\n<\/ul>\n<h3 class=\"fusion-responsive-typography-calculated\" style=\"--fontsize: 32; line-height: 1.3;\" data-fontsize=\"32\" data-lineheight=\"41.6px\">Analytics-Elemente<\/h3>\n<ul>\n<li><strong>Tracking Codes:<\/strong> Ist Google Tag Manager vorhanden? Ist Google Analytics vorhanden?<\/li>\n<li><strong>Datalayer:<\/strong> Sind bestimmte Informationen im DataLayer enthalten?<\/li>\n<li><strong>HTML Tags:<\/strong> Haben Buttons eine bestimmte CSS-ID oder -Class, um diese im TagManager f\u00fcr Trigger verwenden zu k\u00f6nnen?<\/li>\n<\/ul>\n<h2 class=\"fusion-responsive-typography-calculated\" style=\"--fontsize: 40; line-height: 1.2;\" data-fontsize=\"40\" data-lineheight=\"48px\">Diese Seiten-Typen \/ Templates solltest du \u00fcberwachen lassen<\/h2>\n<h3 class=\"fusion-responsive-typography-calculated\" style=\"--fontsize: 32; line-height: 1.3;\" data-fontsize=\"32\" data-lineheight=\"41.6px\">Startseite \u00fcberwachen<\/h3>\n<p>Folgende Elemente lassen unsere Kunden auf ihrer Startseite \u00fcberwachen:<\/p>\n<ul>\n<li>Slider<\/li>\n<li>Call to Actions<\/li>\n<li>Trust Elemente wie Testimonials und Badges<\/li>\n<\/ul>\n<h3 class=\"fusion-responsive-typography-calculated\" style=\"--fontsize: 32; line-height: 1.3;\" data-fontsize=\"32\" data-lineheight=\"41.6px\">robots.txt \u00fcberwachen<\/h3>\n<p>Um sicherzustellen, dass Suchmaschinen-Bots deine Seite wie gew\u00fcnscht crawlen, kannst du einfach den Inhalt deiner robots.txt \u00fcberwachen.<\/p>\n<p><img decoding=\"async\" class=\"lazyload alignnone size-full wp-image-1056\" src=\"https:\/\/url-monitor.com\/wp-content\/uploads\/robots.txt-check-1.png\" data-orig-src=\"https:\/\/url-monitor.com\/wp-content\/uploads\/robots.txt-check-1.png\" alt=\"\" width=\"876\" height=\"252\" srcset=\"data:image\/svg+xml,%3Csvg%20xmlns%3D%27http%3A%2F%2Fwww.w3.org%2F2000%2Fsvg%27%20width%3D%27876%27%20height%3D%27252%27%20viewBox%3D%270%200%20876%20252%27%3E%3Crect%20width%3D%27876%27%20height%3D%27252%27%20fill-opacity%3D%220%22%2F%3E%3C%2Fsvg%3E\" data-srcset=\"https:\/\/url-monitor.com\/wp-content\/uploads\/robots.txt-check-1-200x58.png 200w, https:\/\/url-monitor.com\/wp-content\/uploads\/robots.txt-check-1-300x86.png 300w, https:\/\/url-monitor.com\/wp-content\/uploads\/robots.txt-check-1-400x115.png 400w, https:\/\/url-monitor.com\/wp-content\/uploads\/robots.txt-check-1-600x173.png 600w, https:\/\/url-monitor.com\/wp-content\/uploads\/robots.txt-check-1-768x221.png 768w, https:\/\/url-monitor.com\/wp-content\/uploads\/robots.txt-check-1-800x230.png 800w, https:\/\/url-monitor.com\/wp-content\/uploads\/robots.txt-check-1.png 876w\" data-sizes=\"auto\" data-orig-sizes=\"(max-width: 876px) 100vw, 876px\" \/><\/p>\n<p>So stellst du ganz einfach sicher, dass deine Seite bis auf gewisse Unterverzeichnisse sauber indexiert wird.<\/p>\n<h3 class=\"fusion-responsive-typography-calculated\" style=\"--fontsize: 32; line-height: 1.3;\" data-fontsize=\"32\" data-lineheight=\"41.6px\">Sitemap \u00fcberwachen<\/h3>\n<p>Zum einen kannst du \u00fcberwachen, ob neue Beitr\u00e4ge hinzukommen. Zum anderen stellst du sicher, dass deine Sitemap verf\u00fcgbar ist und neue Beitr\u00e4ge automatisch \u00fcber die Search Console an Google \u00fcbermittelt werden.<\/p>\n<h3 class=\"fusion-responsive-typography-calculated\" style=\"--fontsize: 32; line-height: 1.3;\" data-fontsize=\"32\" data-lineheight=\"41.6px\">Info-Seiten<\/h3>\n<p>Folgende Elemente lassen unsere Kunden auf ihren Info-Seiten \u00fcberwachen:<\/p>\n<ul>\n<li>Texte<\/li>\n<li>Optin-Formulare f\u00fcr Newsletter<\/li>\n<li>Rechtliche Texte<\/li>\n<\/ul>\n<h3 class=\"fusion-responsive-typography-calculated\" style=\"--fontsize: 32; line-height: 1.3;\" data-fontsize=\"32\" data-lineheight=\"41.6px\">Dienstleistungs-Seiten<\/h3>\n<p>Folgende Elemente lassen unsere Kunden auf ihren Dienstleistungs-Seiten \u00fcberwachen:<\/p>\n<ul>\n<li>Call to Actions<\/li>\n<li>Sales-Texte<\/li>\n<li>Lead-Generation-Formulare<\/li>\n<li>Rechtliche Texte<\/li>\n<li>Trust Elemente<\/li>\n<\/ul>\n<h3 class=\"fusion-responsive-typography-calculated\" style=\"--fontsize: 32; line-height: 1.3;\" data-fontsize=\"32\" data-lineheight=\"41.6px\">Produkt-Kategorie-Seite<\/h3>\n<p>Folgende Elemente lassen unsere Kunden auf ihren Produkt-Kategorie-Seiten \u00fcberwachen:<\/p>\n<ul>\n<li>Paginierung<\/li>\n<li>Vorhandensein von Filtern<\/li>\n<li>Kauf-Buttons<\/li>\n<\/ul>\n<p>Dar\u00fcber hinaus lohnt es sich speziell kleine Kategorien oder Paginierungs-Seiten zu monitoren, um zu ermitteln, ob diese sauber umgeleitet werden.<\/p>\n<h3 class=\"fusion-responsive-typography-calculated\" style=\"--fontsize: 32; line-height: 1.3;\" data-fontsize=\"32\" data-lineheight=\"41.6px\">Produkt-Unterkategorie-Seiten<\/h3>\n<div>\n<p>Folgende Elemente lassen unsere Kunden auf ihren Produkt-Kategorie-Seiten \u00fcberwachen:<\/p>\n<ul>\n<li>Paginierung<\/li>\n<li>Vorhandensein von Filtern<\/li>\n<li>Kauf-Buttons<\/li>\n<li>Breadcrumbs<\/li>\n<\/ul>\n<\/div>\n<h3 class=\"fusion-responsive-typography-calculated\" style=\"--fontsize: 32; line-height: 1.3;\" data-fontsize=\"32\" data-lineheight=\"41.6px\">Produkt-Marken-Seiten<\/h3>\n<p>Folgende Elemente lassen unsere Kunden auf ihren Produkt-Marken-Seiten \u00fcberwachen:<\/p>\n<ul>\n<li>Paginierung<\/li>\n<li>Vorhandensein von Filtern<\/li>\n<li>Kauf-Buttons<\/li>\n<\/ul>\n<h3 class=\"fusion-responsive-typography-calculated\" style=\"--fontsize: 32; line-height: 1.3;\" data-fontsize=\"32\" data-lineheight=\"41.6px\">Produkt-Detail-Seiten<\/h3>\n<p>Folgende Elemente lassen unsere Kunden auf ihren Review-Seiten \u00fcberwachen:<\/p>\n<ul>\n<li>Preis<\/li>\n<li>rechtliche Hinweise<\/li>\n<li>Schema-Markup<\/li>\n<li>Bewertungen<\/li>\n<\/ul>\n<h3 class=\"fusion-responsive-typography-calculated\" style=\"--fontsize: 32; line-height: 1.3;\" data-fontsize=\"32\" data-lineheight=\"41.6px\">Review-Seiten<\/h3>\n<p>Folgende Elemente lassen unsere Kunden auf ihren Review-Seiten \u00fcberwachen:<\/p>\n<ul>\n<li>Review-M\u00f6glichkeit<\/li>\n<li>Schema-Markup<\/li>\n<\/ul>\n<h3 class=\"fusion-responsive-typography-calculated\" style=\"--fontsize: 32; line-height: 1.3;\" data-fontsize=\"32\" data-lineheight=\"41.6px\">Blog-Artikel<\/h3>\n<p>Folgende Elemente lassen unsere Kunden auf ihren Blog-Artikeln \u00fcberwachen:<\/p>\n<ul>\n<li>Newsletter-Optin<\/li>\n<li>Call-To-Actions<\/li>\n<\/ul>\n<h3 class=\"fusion-responsive-typography-calculated\" style=\"--fontsize: 32; line-height: 1.3;\" data-fontsize=\"32\" data-lineheight=\"41.6px\">Audience-Seiten<\/h3>\n<ul>\n<li>&#8230; f\u00fcr KMU<\/li>\n<li>&#8230; f\u00fcr Fris\u00f6re<\/li>\n<\/ul>\n<h3 class=\"fusion-responsive-typography-calculated\" style=\"--fontsize: 32; line-height: 1.3;\" data-fontsize=\"32\" data-lineheight=\"41.6px\">Pricing-Seite<\/h3>\n<p>Folgende Elemente lassen unsere Kunden auf ihren Pricing-Seiten \u00fcberwachen:<\/p>\n<ul>\n<li>Preise<\/li>\n<li>Kauf-Buttons<\/li>\n<li>FAQs<\/li>\n<\/ul>\n<h3 class=\"fusion-responsive-typography-calculated\" style=\"--fontsize: 32; line-height: 1.3;\" data-fontsize=\"32\" data-lineheight=\"41.6px\">Kontakt-Seite<\/h3>\n<p>Folgende Elemente lassen unsere Kunden auf ihren Kontakt-Seiten \u00fcberwachen:<\/p>\n<ul>\n<li>Kontaktformular<\/li>\n<li>Testimonials<\/li>\n<li>Telefonnummer<\/li>\n<\/ul>\n<h3 class=\"fusion-responsive-typography-calculated\" style=\"--fontsize: 32; line-height: 1.3;\" data-fontsize=\"32\" data-lineheight=\"41.6px\">404-Seite<\/h3>\n<p>Folgende Elemente lassen unsere Kunden auf ihren 404-Seiten \u00fcberwachen:<\/p>\n<ul>\n<li>Verlinkung von wichtigsten Seiten<\/li>\n<\/ul>\n<p>Jetzt bist du dran. <a href=\"https:\/\/login.url-monitor.com\/register\">Meld dich jetzt gratis an und lass deine wichtigsten Landing Pages \u00fcberwachen.<\/a>\u00a0<\/p>\n<\/div><\/div><\/div><\/div><\/div>\n","protected":false},"excerpt":{"rendered":"","protected":false},"author":1,"featured_media":0,"parent":0,"menu_order":0,"comment_status":"closed","ping_status":"closed","template":"","meta":{"footnotes":""},"class_list":["post-779","page","type-page","status-publish","hentry"],"yoast_head":"<!-- This site is optimized with the Yoast SEO plugin v26.0 - https:\/\/yoast.com\/wordpress\/plugins\/seo\/ -->\n<title>Website Monitoring: Diese Webseiten-Elemente musst du \u00fcberwachen<\/title>\n<meta name=\"robots\" content=\"index, follow, max-snippet:-1, max-image-preview:large, max-video-preview:-1\" \/>\n<link rel=\"canonical\" href=\"https:\/\/url-monitor.com\/de\/website-monitoring\/\" \/>\n<meta property=\"og:locale\" content=\"de_DE\" \/>\n<meta property=\"og:type\" content=\"article\" \/>\n<meta property=\"og:title\" content=\"Website Monitoring: Diese Webseiten-Elemente musst du \u00fcberwachen\" \/>\n<meta property=\"og:url\" content=\"https:\/\/url-monitor.com\/de\/website-monitoring\/\" \/>\n<meta property=\"og:site_name\" content=\"URL-Monitor: Tool f\u00fcr SEO Qualit\u00e4tssicherung\" \/>\n<meta property=\"article:modified_time\" content=\"2021-08-28T11:33:02+00:00\" \/>\n<meta property=\"og:image\" content=\"https:\/\/url-monitor.com\/wp-content\/uploads\/robots.txt-check-1.png\" \/>\n<meta name=\"twitter:card\" content=\"summary_large_image\" \/>\n<script type=\"application\/ld+json\" class=\"yoast-schema-graph\">{\"@context\":\"https:\/\/schema.org\",\"@graph\":[{\"@type\":\"WebPage\",\"@id\":\"https:\/\/url-monitor.com\/de\/website-monitoring\/\",\"url\":\"https:\/\/url-monitor.com\/de\/website-monitoring\/\",\"name\":\"Website Monitoring: Diese Webseiten-Elemente musst du \u00fcberwachen\",\"isPartOf\":{\"@id\":\"https:\/\/url-monitor.com\/de\/#website\"},\"primaryImageOfPage\":{\"@id\":\"https:\/\/url-monitor.com\/de\/website-monitoring\/#primaryimage\"},\"image\":{\"@id\":\"https:\/\/url-monitor.com\/de\/website-monitoring\/#primaryimage\"},\"thumbnailUrl\":\"https:\/\/url-monitor.com\/wp-content\/uploads\/robots.txt-check-1.png\",\"datePublished\":\"2021-06-08T12:35:23+00:00\",\"dateModified\":\"2021-08-28T11:33:02+00:00\",\"breadcrumb\":{\"@id\":\"https:\/\/url-monitor.com\/de\/website-monitoring\/#breadcrumb\"},\"inLanguage\":\"de\",\"potentialAction\":[{\"@type\":\"ReadAction\",\"target\":[\"https:\/\/url-monitor.com\/de\/website-monitoring\/\"]}]},{\"@type\":\"ImageObject\",\"inLanguage\":\"de\",\"@id\":\"https:\/\/url-monitor.com\/de\/website-monitoring\/#primaryimage\",\"url\":\"https:\/\/url-monitor.com\/wp-content\/uploads\/robots.txt-check-1.png\",\"contentUrl\":\"https:\/\/url-monitor.com\/wp-content\/uploads\/robots.txt-check-1.png\"},{\"@type\":\"BreadcrumbList\",\"@id\":\"https:\/\/url-monitor.com\/de\/website-monitoring\/#breadcrumb\",\"itemListElement\":[{\"@type\":\"ListItem\",\"position\":1,\"name\":\"Startseite\",\"item\":\"https:\/\/url-monitor.com\/de\/\"},{\"@type\":\"ListItem\",\"position\":2,\"name\":\"Website Monitoring\"}]},{\"@type\":\"WebSite\",\"@id\":\"https:\/\/url-monitor.com\/de\/#website\",\"url\":\"https:\/\/url-monitor.com\/de\/\",\"name\":\"URL-Monitor: Tool f\u00fcr SEO Qualit\u00e4tssicherung\",\"description\":\"\",\"publisher\":{\"@id\":\"https:\/\/url-monitor.com\/de\/#organization\"},\"potentialAction\":[{\"@type\":\"SearchAction\",\"target\":{\"@type\":\"EntryPoint\",\"urlTemplate\":\"https:\/\/url-monitor.com\/de\/?s={search_term_string}\"},\"query-input\":{\"@type\":\"PropertyValueSpecification\",\"valueRequired\":true,\"valueName\":\"search_term_string\"}}],\"inLanguage\":\"de\"},{\"@type\":\"Organization\",\"@id\":\"https:\/\/url-monitor.com\/de\/#organization\",\"name\":\"URL-Monitor GmbH\",\"url\":\"https:\/\/url-monitor.com\/de\/\",\"logo\":{\"@type\":\"ImageObject\",\"inLanguage\":\"de\",\"@id\":\"https:\/\/url-monitor.com\/de\/#\/schema\/logo\/image\/\",\"url\":\"https:\/\/url-monitor.com\/wp-content\/uploads\/URL-Monitor-Logo-gross-blau.png\",\"contentUrl\":\"https:\/\/url-monitor.com\/wp-content\/uploads\/URL-Monitor-Logo-gross-blau.png\",\"width\":3000,\"height\":574,\"caption\":\"URL-Monitor GmbH\"},\"image\":{\"@id\":\"https:\/\/url-monitor.com\/de\/#\/schema\/logo\/image\/\"}}]}<\/script>\n<!-- \/ Yoast SEO plugin. -->","yoast_head_json":{"title":"Website Monitoring: Diese Webseiten-Elemente musst du \u00fcberwachen","robots":{"index":"index","follow":"follow","max-snippet":"max-snippet:-1","max-image-preview":"max-image-preview:large","max-video-preview":"max-video-preview:-1"},"canonical":"https:\/\/url-monitor.com\/de\/website-monitoring\/","og_locale":"de_DE","og_type":"article","og_title":"Website Monitoring: Diese Webseiten-Elemente musst du \u00fcberwachen","og_url":"https:\/\/url-monitor.com\/de\/website-monitoring\/","og_site_name":"URL-Monitor: Tool f\u00fcr SEO Qualit\u00e4tssicherung","article_modified_time":"2021-08-28T11:33:02+00:00","og_image":[{"url":"https:\/\/url-monitor.com\/wp-content\/uploads\/robots.txt-check-1.png","type":"","width":"","height":""}],"twitter_card":"summary_large_image","schema":{"@context":"https:\/\/schema.org","@graph":[{"@type":"WebPage","@id":"https:\/\/url-monitor.com\/de\/website-monitoring\/","url":"https:\/\/url-monitor.com\/de\/website-monitoring\/","name":"Website Monitoring: Diese Webseiten-Elemente musst du \u00fcberwachen","isPartOf":{"@id":"https:\/\/url-monitor.com\/de\/#website"},"primaryImageOfPage":{"@id":"https:\/\/url-monitor.com\/de\/website-monitoring\/#primaryimage"},"image":{"@id":"https:\/\/url-monitor.com\/de\/website-monitoring\/#primaryimage"},"thumbnailUrl":"https:\/\/url-monitor.com\/wp-content\/uploads\/robots.txt-check-1.png","datePublished":"2021-06-08T12:35:23+00:00","dateModified":"2021-08-28T11:33:02+00:00","breadcrumb":{"@id":"https:\/\/url-monitor.com\/de\/website-monitoring\/#breadcrumb"},"inLanguage":"de","potentialAction":[{"@type":"ReadAction","target":["https:\/\/url-monitor.com\/de\/website-monitoring\/"]}]},{"@type":"ImageObject","inLanguage":"de","@id":"https:\/\/url-monitor.com\/de\/website-monitoring\/#primaryimage","url":"https:\/\/url-monitor.com\/wp-content\/uploads\/robots.txt-check-1.png","contentUrl":"https:\/\/url-monitor.com\/wp-content\/uploads\/robots.txt-check-1.png"},{"@type":"BreadcrumbList","@id":"https:\/\/url-monitor.com\/de\/website-monitoring\/#breadcrumb","itemListElement":[{"@type":"ListItem","position":1,"name":"Startseite","item":"https:\/\/url-monitor.com\/de\/"},{"@type":"ListItem","position":2,"name":"Website Monitoring"}]},{"@type":"WebSite","@id":"https:\/\/url-monitor.com\/de\/#website","url":"https:\/\/url-monitor.com\/de\/","name":"URL-Monitor: Tool f\u00fcr SEO Qualit\u00e4tssicherung","description":"","publisher":{"@id":"https:\/\/url-monitor.com\/de\/#organization"},"potentialAction":[{"@type":"SearchAction","target":{"@type":"EntryPoint","urlTemplate":"https:\/\/url-monitor.com\/de\/?s={search_term_string}"},"query-input":{"@type":"PropertyValueSpecification","valueRequired":true,"valueName":"search_term_string"}}],"inLanguage":"de"},{"@type":"Organization","@id":"https:\/\/url-monitor.com\/de\/#organization","name":"URL-Monitor GmbH","url":"https:\/\/url-monitor.com\/de\/","logo":{"@type":"ImageObject","inLanguage":"de","@id":"https:\/\/url-monitor.com\/de\/#\/schema\/logo\/image\/","url":"https:\/\/url-monitor.com\/wp-content\/uploads\/URL-Monitor-Logo-gross-blau.png","contentUrl":"https:\/\/url-monitor.com\/wp-content\/uploads\/URL-Monitor-Logo-gross-blau.png","width":3000,"height":574,"caption":"URL-Monitor GmbH"},"image":{"@id":"https:\/\/url-monitor.com\/de\/#\/schema\/logo\/image\/"}}]}},"_links":{"self":[{"href":"https:\/\/url-monitor.com\/de\/wp-json\/wp\/v2\/pages\/779","targetHints":{"allow":["GET"]}}],"collection":[{"href":"https:\/\/url-monitor.com\/de\/wp-json\/wp\/v2\/pages"}],"about":[{"href":"https:\/\/url-monitor.com\/de\/wp-json\/wp\/v2\/types\/page"}],"author":[{"embeddable":true,"href":"https:\/\/url-monitor.com\/de\/wp-json\/wp\/v2\/users\/1"}],"replies":[{"embeddable":true,"href":"https:\/\/url-monitor.com\/de\/wp-json\/wp\/v2\/comments?post=779"}],"version-history":[{"count":0,"href":"https:\/\/url-monitor.com\/de\/wp-json\/wp\/v2\/pages\/779\/revisions"}],"wp:attachment":[{"href":"https:\/\/url-monitor.com\/de\/wp-json\/wp\/v2\/media?parent=779"}],"curies":[{"name":"wp","href":"https:\/\/api.w.org\/{rel}","templated":true}]}}