{"id":124,"date":"2021-01-05T16:14:34","date_gmt":"2021-01-05T15:14:34","guid":{"rendered":"https:\/\/url-monitor.com\/?page_id=124"},"modified":"2023-03-23T17:25:58","modified_gmt":"2023-03-23T16:25:58","slug":"agb","status":"publish","type":"page","link":"https:\/\/url-monitor.com\/de\/agb\/","title":{"rendered":"AGB"},"content":{"rendered":"<div class=\"fusion-fullwidth fullwidth-box fusion-builder-row-1 fusion-flex-container nonhundred-percent-fullwidth non-hundred-percent-height-scrolling\" style=\"--awb-border-radius-top-left:0px;--awb-border-radius-top-right:0px;--awb-border-radius-bottom-right:0px;--awb-border-radius-bottom-left:0px;--awb-flex-wrap:wrap;\" ><div class=\"fusion-builder-row fusion-row fusion-flex-align-items-flex-start fusion-flex-content-wrap\" style=\"max-width:1456px;margin-left: calc(-4% \/ 2 );margin-right: calc(-4% \/ 2 );\"><div class=\"fusion-layout-column fusion_builder_column fusion-builder-column-0 fusion_builder_column_1_1 1_1 fusion-flex-column\" style=\"--awb-bg-blend:overlay;--awb-bg-size:cover;--awb-width-large:100%;--awb-margin-top-large:0px;--awb-spacing-right-large:1.92%;--awb-margin-bottom-large:0px;--awb-spacing-left-large:1.92%;--awb-width-medium:100%;--awb-spacing-right-medium:1.92%;--awb-spacing-left-medium:1.92%;--awb-width-small:100%;--awb-spacing-right-small:1.92%;--awb-spacing-left-small:1.92%;\"><div class=\"fusion-column-wrapper fusion-flex-justify-content-flex-start fusion-content-layout-column\"><div class=\"fusion-text fusion-text-1\"><p>Unter der Domain www.url-monitor.com, login.url-monitor.com und tool.url-monitor.com betreibt die URL-Monitor GmbH , Anschrift: Funkerberg 16d, 15711 K\u00f6nigs Wusterhausen, (nachfolgend \u201eURL-Monitor\u201c genannt) einen webseitenbasierten Service, \u00fcber den Nutzer (nachfolgend \u201eKunde\u201c genannt) die von Ihnen eingetragenen URLs auf Ver\u00e4nderungen beobachten k\u00f6nnen.<\/p>\n<p>Neben dem Quellcode werden suchmaschinenrelevante Elemente der eingetragenen URLs 30 Tage (bzw. je nach individuell gebuchter Speicherdauer) lang gespeichert und ausgewertet. Der Betreiber stellt die technische Online-Plattform dar, mit welcher der Kunde seine wichtigsten URLs eintragen und \u00fcberpr\u00fcfen lassen kann, um schnell ungewollte Ver\u00e4nderungen an einer Webseite feststellen zu k\u00f6nnen und so z.B. einer Verschlechterung in Suchmaschinenergebnissen entgegenwirken zu k\u00f6nnen. Die Oberfl\u00e4chensprache des Tools URL-Monitor ist englisch.<\/p>\n<p>Neben den auf der URL befindlichen Seitenelementen werden zus\u00e4tzlich externe Dienste abgefragt, welche Daten zu der entsprechenden URL liefern. URL-Monitor kann nicht garantieren, dass die von diesen Diensten gelieferten Daten korrekt sind und in Zukunft funktionieren. URL-Monitor distanziert sich von der Korrektheit dieser Daten und beh\u00e4lt sich vor, die Abfrage dieser externen Dienste in Zukunft zu deaktivieren, falls die Daten dieser Dienste nicht mehr verwertbar sind und dem Tool \u201eURL-Monitor\u201c und seinen Nutzern einen Mehrwehrt bieten kann.<\/p>\n<h2>\u00a7 1 Geltungsbereich<\/h2>\n<p>(1) URL-Monitor ist berechtigt, die von Kunden \u00fcbermittelten Daten in das Online-Programm URL-Monitor einzustellen. Der Kunde stimmt einer Nutzung der von ihm \u00fcbermittelten Daten durch URL-Monitor zum Zwecke der Vertragserf\u00fcllung f\u00fcr die Dauer dieses Vertrages und die dar\u00fcber hinausgehende Zeit zu. Diese Zustimmung umfasst ebenfalls die erforderliche Nutzung des Markennamens, Logos, Firmennamens und weiteren Kennzeichen zur Darstellung der ausgewerteten Daten auf den genutzten Endger\u00e4ten der Webseite von URL-Monitor. Ebenso ist URL-Monitor berechtigt, das Logo, Markenname und Firmenname des Kunden und der in dem Account hinterlegten Domains bzw. Unternehmen unentgeltlich f\u00fcr Werbezwecke zu verwenden. Dies gilt insbesondere als Erw\u00e4hnung der Referenzen auf der Domain url-monitor.com, in Print-Werbemitteln, Werbevideos, auf Messest\u00e4nden und in Werbeanzeigen wie z.B. Facebook Ads, Google Ads usw.<\/p>\n<p>(2) Der Vertrag zwischen dem Kunden und URL-Monitor kommt durch die Annahme des Kundenantrages oder durch die erste, von URL-Monitor vorgenommene Erf\u00fcllungshandlung zustande. Die Verschaffung der M\u00f6glichkeit zur kostenpflichtigen Einstellung von Inhalten durch den Kunden gilt als stillschweigende Zustimmung von URL-Monitor zum Abschluss eines entsprechenden Vertrages. URL-Monitor beh\u00e4lt sich vor, die Annahme des Kundenantrages in Einzelf\u00e4llen ohne Angabe von Gr\u00fcnden zu verweigern.<\/p>\n<p>(3) Der Vertrag hat eine Mindestlaufzeit von einem Monat. Der Vertrag wird automatisch um die laut Vertrag gebuchte Laufzeit verl\u00e4ngert. Die K\u00fcndigung bedarf der Schriftform und ist mindestens 30 Tage vor Ablauf der Vertragslaufzeit einzureichen.<\/p>\n<p>(4) Nach Ablauf der kostenpflichtigen Version wird die Auswertungsfunktion innerhalb des Kunden-Accounts deaktiviert. Alle hinterlegten Projekte und URLs k\u00f6nnen nach Ablauf der kostenpflichtigen Version durch URL-Monitor gel\u00f6scht werden. Der kostenlose Testaccount bleibt auf unbestimmte Zeit bestehen, sofern der Account nicht durch den Kunden oder URL-Monitor aktiv gel\u00f6scht wird. Nach dem Ende der Testphase kann jedoch nur noch auf die mit diesem Account geteilten\/freigegebenen Projekte mit Leserechten zugegriffen werden.<\/p>\n<p>(5) URL-Monitor beh\u00e4lt sich vor, eine Woche nach Ablauf der kostenpflichtigen Version den Account des Kunden unwiderruflich zu l\u00f6schen und somit alle zuvor hinterlegten Kundendaten zu entfernen.<\/p>\n<p>(6) Das Recht zur K\u00fcndigung aus wichtigem Grund bleibt unber\u00fchrt. Ein wichtiger Grund liegt insbesondere, aber nicht abschlie\u00dfend vor, wenn der Kunde gegen die Verpflichtungen des \u00a7 4 Abs. 1 bis 3 verst\u00f6\u00dft.<\/p>\n<h2>\u00a7 2 Leistungen und Verg\u00fctung<\/h2>\n<p>(1) Der Vertrag kommt zu den hier vorliegenden AGB, zu den jeweiligen auf der Webseite http:\/\/www.url-monitor.com\/ oder auf Anfrage per Email zugestellten Preiskonditionen und zu dem auf der Webseite und in diesen AGB dargestellten Leistungsumfang zustande. Mit dem URL-Monitor wird dem Kunden eine browserbasierte Software zur Verf\u00fcgung gestellt, mit welcher der Kunde Ver\u00e4nderungen an den von Ihm hinterlegte URLs beobachten und \u00fcberpr\u00fcfen kann.<\/p>\n<p>(2) URL-Monitor beh\u00e4lt sich das Recht vor, den Service jederzeit zu erweitern, zu ver\u00e4ndern oder zu verbessern. \u00dcber derartige Ver\u00e4nderungen wird der Kunde in regelm\u00e4\u00dfigen Abst\u00e4nden informiert. Einschr\u00e4nkungen des Leistungsumfangs sind nur dann m\u00f6glich, wenn dies aus rechtlichen Gr\u00fcnden unumg\u00e4nglich ist oder sich der Kunde hiermit auf Nachfrage von URL-Monitor einverstanden erkl\u00e4rt. Das Einverst\u00e4ndnis des Kunden gilt als erteilt, sofern dieser einer entsprechenden Mitteilung von URL-Monitor nicht innerhalb einer Frist von sechs Wochen ab Zugang der Mitteilung in Textform widerspricht.<\/p>\n<p>(3) Sofern kein ausdr\u00fccklicher Preis vereinbart wird, richtet sich die Verg\u00fctung f\u00fcr den Zugang und die Nutzung der Service-Webseite nach dem Preisverzeichnis von URL-Monitor (aktuelle Fassung per Email \u00fcber info@url-monitor.com abfragbar) zum Zeitpunkt der Antragstellung durch den Kunden. Mit der Annahme durch URL-Monitor erh\u00e4lt der Kunde eine Best\u00e4tigung \u00fcber den Verg\u00fctungspreis in Textform. Sofern der Kunde dieser Best\u00e4tigung nicht unverz\u00fcglich nach Kenntnisnahme widerspricht, gilt dieser Preis im Zweifel als vereinbart.<\/p>\n<p>(4) URL-Monitor beh\u00e4lt sich Preis\u00e4nderungen der verschiedenen Versions-Pakete vor. Kunden, die bereits einen kostenpflichtigen Zugang nutzen, sind w\u00e4hrend der bezahlten Laufzeit von einer Preis\u00e4nderung ausgeschlossen. Die Preis\u00e4nderung tritt f\u00fcr diesen Kunden erst nach einer K\u00fcndigung und erneuten Aktivierung des Zugangs durch den Kunden in Kraft.<\/p>\n<p>(5) Technische \u00c4nderungen und geringf\u00fcgige Abweichungen der von URL-Monitor angebotenen Dienste sind insoweit vorbehalten, als sie dem Vertragspartner nach billigem Ermessen zuzumuten sind. Werden die Dienstleistungen nach Vertragsabschluss technisch verbessert, ist ein Anspruch auf Nutzung der bisherigen, nicht verbesserten Version ausgeschlossen. Ist dem Vertragspartner die Nutzung der technisch verbesserten Version aufgrund der besonderen Umst\u00e4nde des Einzelfalls nicht zuzumuten, kann er unter Ausschluss weiterer Rechte vom Vertrag zur\u00fccktreten. Der R\u00fccktritt muss unverz\u00fcglich in Textform erkl\u00e4rt werden.<\/p>\n<p>(6) Anspruch auf die Leistung hat nur der jeweilige Kunde. Eine \u00dcberlassung der Software an Dritte oder die sonstige Einr\u00e4umung von Nutzungsm\u00f6glichkeiten durch den Kunden an Dritte ist untersagt und berechtigt URL-Monitor zur au\u00dferordentlichen K\u00fcndigung.<\/p>\n<p>(7) Alle Preise f\u00fcr die vertragsgegenst\u00e4ndliche Nutzung vom URL-Monitor verstehen sich ohne Umsatzsteuer.<\/p>\n<p>(8) Als Zahlungsmethode akzeptieren wir \u00dcberweisung oder die Onlinezahlungsmethode paypal (http:\/\/www.paypal.de). Die Bezahlung erfolgt nach Rechnungsstellung. Sollte der Kunde diese Zahlungsmethode nicht akzeptieren, ist in einzelnen F\u00e4llen auch eine mit dem Kunden vereinbarte Zahlungsmethode m\u00f6glich.<\/p>\n<h2>\u00a7 3 Nutzungsrechte und -pflichten<\/h2>\n<p>(1) URL-Monitor bietet dem Kunden die M\u00f6glichkeit, URLs einzupflegen, welche vom URL-Monitor t\u00e4glich abgerufen, gespeichert und ausgewertet werden. Dem Kunden ist es ausschlie\u00dflich gestattet, URLs zu hinterlegen, deren Inhaberschaft bei Ihm liegen, oder deren Nutzen er sich vom jeweiligen Inhaber hat best\u00e4tigen lassen. Ein \u00fcber die Nutzungsbedingungen hinausgehender Gebrauch ist untersagt. Dies gilt nicht nur f\u00fcr den kostenpflichtigen Zugang, sondern auch f\u00fcr den kostenlosen Test-Account. Bei der Eintragung von URLs im URL-Monitor muss der Benutzer dies per HTML-Checkbox erneut best\u00e4tigen.<\/p>\n<p>(2) Bei vors\u00e4tzlich falscher Nutzung des URL-Monitors, mit der Absicht, dem System zu Schaden, beh\u00e4lt sich URL-Monitor vor, den Zugang des Benutzers zu deaktivieren und ggf. rechtliche Schritte einzuleiten.<\/p>\n<p>(3) Passw\u00f6rter sind vom Benutzer geheim zu halten und d\u00fcrfen nicht an Dritte weitergegeben werden. Der Kunde ist auch f\u00fcr Kosten, die andere Personen \u00fcber seine Zugangskennung verursachen, verantwortlich. Der Kunde verpflichtet sich, die pers\u00f6nlichen Passw\u00f6rter und seine Zugangskennung vor Zugriffen Dritter gesch\u00fctzt aufzubewahren und sie vor Missbrauch und Verlust zu sch\u00fctzen. Er stellt URL-Monitor von Kosten und Anspr\u00fcchen Dritter frei, die durch die Verletzung der vorstehenden Pflichten entstehen.<\/p>\n<h2>\u00a7 4 Datenschutz<\/h2>\n<p>siehe: http:\/\/www.url-monitor.com\/datenschutzerklaerung\/<\/p>\n<p>(1) URL-Monitor versichert, dass personenbezogene Daten von Kunden nur erhoben, gespeichert und verarbeitet werden, sofern dies zur vertragsgem\u00e4\u00dfen Leistungserbringung notwendig und durch gesetzliche Vorschriften, insbesondere denen des Bundesdatenschutzgesetztes erlaubt, oder vom Gesetzgeber angeordnet ist.<\/p>\n<p>(2) URL-Monitor ist es ohne schriftliche Zustimmung des Kunden untersagt, Daten Dritten zug\u00e4nglich zu machen oder weiterzugeben. Die alleinige Verf\u00fcgungsbefugnis an s\u00e4mtlichen Daten verbleibt somit beim Kunden, welcher damit auch allein \u00fcber die Erhebung, Verarbeitung oder Nutzung kundenspezifischer Dateien bestimmt.<\/p>\n<h2>\u00a7 5 Verf\u00fcgbarkeit, Ausfallzeiten<\/h2>\n<p>(1) URL-Monitor gew\u00e4hrleistet eine Verf\u00fcgbarkeit seiner Internet-Webserver von 93 % im Jahresdurchschnitt und beh\u00e4lt sich zeitweilige Einschr\u00e4nkungen der vertraglichen Leistungen im Hinblick auf Kapazit\u00e4tsgrenzen, Wartungsarbeiten sowie sicherheitsrelevante Ma\u00dfnahmen vor. URL-Monitor haftet nicht f\u00fcr die Funktionsf\u00e4higkeit der Telefon- bzw. Internetleitungen zu dem vertragsgegenst\u00e4ndlichen Server, bei Stromausf\u00e4llen und bei St\u00f6rungen innerhalb des Internet sowie bei Ausf\u00e4llen von Servern, die nicht in seinem Einflussbereich stehen. Sofern f\u00fcr l\u00e4ngere Zeit als 48 Stunden in Folge oder 72 Stunden\/Monat kein Zugriff auf die vertraglichen Leistungen m\u00f6glich ist, gew\u00e4hrt URL-Monitor dem Kunden auf Antrag einen Preisnachlass von 25 Prozent f\u00fcr den Monat, in dem die Verhinderung des Zugriffs begann.<\/p>\n<p>(2) URL-Monitor ist so konzipiert, dass die hinterlegten URLs des Kunden einmal t\u00e4glich abgerufen werden. Ein genauer Zeitpunkt der \u00dcberpr\u00fcfung ist nicht festgelegt und kann sich t\u00e4glich unterscheiden. Sollte es aufgrund von Serverproblemen oder unvorhersehbaren technischen St\u00f6rungen dazu kommen, dass an einem Tag keine Daten erhoben werden k\u00f6nnen, wird URL-Monitor unverz\u00fcglich daf\u00fcr Sorge tragen, dass die Daten am darauffolgenden Tag zur Verf\u00fcgung stehen. Die Auswertung des ausgefallenen Tages ist dann jedoch nicht verf\u00fcgbar. Sollten f\u00fcr mehr als f\u00fcnf Tage im Kalendermonat keine Daten zu der vom Kunden hinterlegten URLs im URL-Monitor vorliegen, gew\u00e4hrt URL-Monitor dem Kunden auf Antrag einen Preisnachlass von 25% f\u00fcr den betroffenen Kalendermonat.<\/p>\n<p>(3) Dar\u00fcber hinausgehende Anspr\u00fcche sind ausgeschlossen, es sei denn URL-Monitor hat vors\u00e4tzlich oder grob fahrl\u00e4ssig gehandelt.<\/p>\n<p>(4) \u00a7 536 BGB bleibt unber\u00fchrt.<\/p>\n<h2>\u00a7 6 Haftung<\/h2>\n<p>(1) URL-Monitor haftet nur bei Vorsatz und grober Fahrl\u00e4ssigkeit f\u00fcr alle von ihr im Zusammenhang mit der Erbringung der vertragsgem\u00e4\u00dfen Leistung verursachten Sch\u00e4den. Weiter haftet URL-Monitor nach den gesetzlichen Vorschriften, wenn sie schuldhaft eine wesentliche Vertragspflicht verletzt hat, sowie in den F\u00e4llen der Verletzung des Lebens, des K\u00f6rpers oder der Gesundheit. Als wesentliche Vertragspflichten werden dabei abstrakt solche Pflichten bezeichnet, deren Erf\u00fcllung die ordnungsgem\u00e4\u00dfe Durchf\u00fchrung des Vertrages \u00fcberhaupt erst m\u00f6glich macht und auf deren Einhaltung der Kunde regelm\u00e4\u00dfig vertrauen darf.<\/p>\n<p>(2) Soweit leicht fahrl\u00e4ssig vertragswesentliche Pflichten verletzt werden, haftet URL-Monitor nur in H\u00f6he des typischerweise entstehenden Schadens. Dies gilt auch, sofern gesetzliche Vertreter oder Erf\u00fcllungsgehilfen von URL-Monitor leicht fahrl\u00e4ssig Pflichten verletzen.<\/p>\n<p>(3) F\u00fcr Sch\u00e4den, die aus einer Verz\u00f6gerung der Leistung entstehen, haftet URL-Monitor nur, soweit URL-Monitor vors\u00e4tzlich oder grob fahrl\u00e4ssig gehandelt hat. Im \u00dcbrigen bleiben die Rechte des Kunden bei Verzug unber\u00fchrt.<\/p>\n<p>(4) Der Schadensersatz f\u00fcr die Verletzung einer wesentlichen Vertragspflicht ist auf den vorhersehbaren, typischerweise eintretenden Schaden begrenzt, h\u00f6chstens jedoch auf 100 Prozent der bei Vertragsschluss vereinbarten Verg\u00fctung je Schadensfall, soweit nicht Vorsatz oder grobe Fahrl\u00e4ssigkeit vorliegt. Insoweit verj\u00e4hren diese Schadensanspr\u00fcche nach 12 Monaten.<\/p>\n<p>(5) Die verschuldensunabh\u00e4ngige Haftung von URL-Monitor auf Schadensersatz f\u00fcr bei Vertragsschluss vorhandene M\u00e4ngel wird ausgeschlossen.<\/p>\n<p>(6) URL-Monitor haftet nicht f\u00fcr Ausf\u00e4lle oder Sch\u00e4den, die von Dritten zu vertreten sind.<\/p>\n<p>(7) URL-Monitor haftet nicht f\u00fcr inhaltliche oder zeitliche Einschr\u00e4nkungen der Nutzung des Tools, sofern diese auf technischen Schwierigkeiten basieren.<\/p>\n<p>(8) Die Haftung nach den Vorschriften des Produkthaftungsgesetzes bleibt unber\u00fchrt.<\/p>\n<p>(9) Sofern weder Vorsatz noch grobe Fahrl\u00e4ssigkeit oder eine Garantie von URL-Monitor vorliegt, haftet URL-Monitor nicht f\u00fcr mittelbare Sch\u00e4den des Kunden wie beispielsweise entgangenem Gewinn.<\/p>\n<h2>\u00a7 7 Salvatorische Klausel, Abweichungen und \u00c4nderungen<\/h2>\n<p>(1) Nebenabreden sind nicht getroffen. \u00c4nderungen und Erg\u00e4nzungen dieser Gesch\u00e4ftsbedingungen sind nur g\u00fcltig, wenn sie von einem einzelvertretungsberechtigten Gesch\u00e4ftsf\u00fchrer der URL-Monitor GmbH schriftlich best\u00e4tigt worden sind. S\u00e4mtliche individuellen Vereinbarungen sind unverz\u00fcglich schriftlich niederzulegen. Bestellungen des Kunden oder kundenseitig gew\u00fcnschte Sonderkonditionen gelten nur nach schriftlicher Best\u00e4tigung durch die URL-Monitor GmbH als akzeptiert. Das Schriftformerfordernis ist auch bei Nutzung von E-Mail gewahrt.<\/p>\n<p>(2) Sollten einzelne oder mehrere Bestimmungen unwirksam sein, ber\u00fchrt dies nicht die Wirksamkeit der \u00fcbrigen Vereinbarungen. Anstelle der unwirksamen Bestimmung tritt eine Regelung, die in rechtlich zul\u00e4ssiger Weise dem wirtschaftlichen Sinn und Zweck der unwirksamen Bestimmung entspricht.<\/p>\n<h2>\u00a7 8 Schlussbestimmungen<\/h2>\n<p>(1) F\u00fcr die vertraglichen Beziehungen gilt ausschlie\u00dflich deutsches Recht. Gerichtsstand ist Koblenz.<\/p>\n<p>(2) URL-Monitor ist berechtigt, die AGB zu \u00e4ndern oder zu erg\u00e4nzen, sofern der Kunde hierzu sein Einverst\u00e4ndnis erkl\u00e4rt. \u00dcber geplante Ver\u00e4nderungen der AGB wird der Kunde sp\u00e4testens einen Monat vor dem geplanten Ver\u00e4nderungszeitpunkt in Textform informiert. Das Einverst\u00e4ndnis des Kunden gilt als erteilt, wenn er nicht innerhalb eines Monats ab Zugang der Bekanntgabe der \u00c4nderung oder Erg\u00e4nzung widerspricht.<\/p>\n<\/div><\/div><\/div><\/div><\/div>\n","protected":false},"excerpt":{"rendered":"","protected":false},"author":1,"featured_media":0,"parent":0,"menu_order":0,"comment_status":"closed","ping_status":"closed","template":"","meta":{"footnotes":""},"class_list":["post-124","page","type-page","status-publish","hentry"],"yoast_head":"<!-- This site is optimized with the Yoast SEO plugin v26.0 - https:\/\/yoast.com\/wordpress\/plugins\/seo\/ -->\n<title>AGB - URL-Monitor: Tool f\u00fcr SEO Qualit\u00e4tssicherung<\/title>\n<meta name=\"robots\" content=\"index, follow, max-snippet:-1, max-image-preview:large, max-video-preview:-1\" \/>\n<link rel=\"canonical\" href=\"https:\/\/url-monitor.com\/de\/agb\/\" \/>\n<meta property=\"og:locale\" content=\"de_DE\" \/>\n<meta property=\"og:type\" content=\"article\" \/>\n<meta property=\"og:title\" content=\"AGB - URL-Monitor: Tool f\u00fcr SEO Qualit\u00e4tssicherung\" \/>\n<meta property=\"og:url\" content=\"https:\/\/url-monitor.com\/de\/agb\/\" \/>\n<meta property=\"og:site_name\" content=\"URL-Monitor: Tool f\u00fcr SEO Qualit\u00e4tssicherung\" \/>\n<meta property=\"article:modified_time\" content=\"2023-03-23T16:25:58+00:00\" \/>\n<meta name=\"twitter:card\" content=\"summary_large_image\" \/>\n<script type=\"application\/ld+json\" class=\"yoast-schema-graph\">{\"@context\":\"https:\/\/schema.org\",\"@graph\":[{\"@type\":\"WebPage\",\"@id\":\"https:\/\/url-monitor.com\/de\/agb\/\",\"url\":\"https:\/\/url-monitor.com\/de\/agb\/\",\"name\":\"AGB - URL-Monitor: Tool f\u00fcr SEO Qualit\u00e4tssicherung\",\"isPartOf\":{\"@id\":\"https:\/\/url-monitor.com\/de\/#website\"},\"datePublished\":\"2021-01-05T15:14:34+00:00\",\"dateModified\":\"2023-03-23T16:25:58+00:00\",\"breadcrumb\":{\"@id\":\"https:\/\/url-monitor.com\/de\/agb\/#breadcrumb\"},\"inLanguage\":\"de\",\"potentialAction\":[{\"@type\":\"ReadAction\",\"target\":[\"https:\/\/url-monitor.com\/de\/agb\/\"]}]},{\"@type\":\"BreadcrumbList\",\"@id\":\"https:\/\/url-monitor.com\/de\/agb\/#breadcrumb\",\"itemListElement\":[{\"@type\":\"ListItem\",\"position\":1,\"name\":\"Startseite\",\"item\":\"https:\/\/url-monitor.com\/de\/\"},{\"@type\":\"ListItem\",\"position\":2,\"name\":\"AGB\"}]},{\"@type\":\"WebSite\",\"@id\":\"https:\/\/url-monitor.com\/de\/#website\",\"url\":\"https:\/\/url-monitor.com\/de\/\",\"name\":\"URL-Monitor: Tool f\u00fcr SEO Qualit\u00e4tssicherung\",\"description\":\"\",\"publisher\":{\"@id\":\"https:\/\/url-monitor.com\/de\/#organization\"},\"potentialAction\":[{\"@type\":\"SearchAction\",\"target\":{\"@type\":\"EntryPoint\",\"urlTemplate\":\"https:\/\/url-monitor.com\/de\/?s={search_term_string}\"},\"query-input\":{\"@type\":\"PropertyValueSpecification\",\"valueRequired\":true,\"valueName\":\"search_term_string\"}}],\"inLanguage\":\"de\"},{\"@type\":\"Organization\",\"@id\":\"https:\/\/url-monitor.com\/de\/#organization\",\"name\":\"URL-Monitor GmbH\",\"url\":\"https:\/\/url-monitor.com\/de\/\",\"logo\":{\"@type\":\"ImageObject\",\"inLanguage\":\"de\",\"@id\":\"https:\/\/url-monitor.com\/de\/#\/schema\/logo\/image\/\",\"url\":\"https:\/\/url-monitor.com\/wp-content\/uploads\/URL-Monitor-Logo-gross-blau.png\",\"contentUrl\":\"https:\/\/url-monitor.com\/wp-content\/uploads\/URL-Monitor-Logo-gross-blau.png\",\"width\":3000,\"height\":574,\"caption\":\"URL-Monitor GmbH\"},\"image\":{\"@id\":\"https:\/\/url-monitor.com\/de\/#\/schema\/logo\/image\/\"}}]}<\/script>\n<!-- \/ Yoast SEO plugin. -->","yoast_head_json":{"title":"AGB - URL-Monitor: Tool f\u00fcr SEO Qualit\u00e4tssicherung","robots":{"index":"index","follow":"follow","max-snippet":"max-snippet:-1","max-image-preview":"max-image-preview:large","max-video-preview":"max-video-preview:-1"},"canonical":"https:\/\/url-monitor.com\/de\/agb\/","og_locale":"de_DE","og_type":"article","og_title":"AGB - URL-Monitor: Tool f\u00fcr SEO Qualit\u00e4tssicherung","og_url":"https:\/\/url-monitor.com\/de\/agb\/","og_site_name":"URL-Monitor: Tool f\u00fcr SEO Qualit\u00e4tssicherung","article_modified_time":"2023-03-23T16:25:58+00:00","twitter_card":"summary_large_image","schema":{"@context":"https:\/\/schema.org","@graph":[{"@type":"WebPage","@id":"https:\/\/url-monitor.com\/de\/agb\/","url":"https:\/\/url-monitor.com\/de\/agb\/","name":"AGB - URL-Monitor: Tool f\u00fcr SEO Qualit\u00e4tssicherung","isPartOf":{"@id":"https:\/\/url-monitor.com\/de\/#website"},"datePublished":"2021-01-05T15:14:34+00:00","dateModified":"2023-03-23T16:25:58+00:00","breadcrumb":{"@id":"https:\/\/url-monitor.com\/de\/agb\/#breadcrumb"},"inLanguage":"de","potentialAction":[{"@type":"ReadAction","target":["https:\/\/url-monitor.com\/de\/agb\/"]}]},{"@type":"BreadcrumbList","@id":"https:\/\/url-monitor.com\/de\/agb\/#breadcrumb","itemListElement":[{"@type":"ListItem","position":1,"name":"Startseite","item":"https:\/\/url-monitor.com\/de\/"},{"@type":"ListItem","position":2,"name":"AGB"}]},{"@type":"WebSite","@id":"https:\/\/url-monitor.com\/de\/#website","url":"https:\/\/url-monitor.com\/de\/","name":"URL-Monitor: Tool f\u00fcr SEO Qualit\u00e4tssicherung","description":"","publisher":{"@id":"https:\/\/url-monitor.com\/de\/#organization"},"potentialAction":[{"@type":"SearchAction","target":{"@type":"EntryPoint","urlTemplate":"https:\/\/url-monitor.com\/de\/?s={search_term_string}"},"query-input":{"@type":"PropertyValueSpecification","valueRequired":true,"valueName":"search_term_string"}}],"inLanguage":"de"},{"@type":"Organization","@id":"https:\/\/url-monitor.com\/de\/#organization","name":"URL-Monitor GmbH","url":"https:\/\/url-monitor.com\/de\/","logo":{"@type":"ImageObject","inLanguage":"de","@id":"https:\/\/url-monitor.com\/de\/#\/schema\/logo\/image\/","url":"https:\/\/url-monitor.com\/wp-content\/uploads\/URL-Monitor-Logo-gross-blau.png","contentUrl":"https:\/\/url-monitor.com\/wp-content\/uploads\/URL-Monitor-Logo-gross-blau.png","width":3000,"height":574,"caption":"URL-Monitor GmbH"},"image":{"@id":"https:\/\/url-monitor.com\/de\/#\/schema\/logo\/image\/"}}]}},"_links":{"self":[{"href":"https:\/\/url-monitor.com\/de\/wp-json\/wp\/v2\/pages\/124","targetHints":{"allow":["GET"]}}],"collection":[{"href":"https:\/\/url-monitor.com\/de\/wp-json\/wp\/v2\/pages"}],"about":[{"href":"https:\/\/url-monitor.com\/de\/wp-json\/wp\/v2\/types\/page"}],"author":[{"embeddable":true,"href":"https:\/\/url-monitor.com\/de\/wp-json\/wp\/v2\/users\/1"}],"replies":[{"embeddable":true,"href":"https:\/\/url-monitor.com\/de\/wp-json\/wp\/v2\/comments?post=124"}],"version-history":[{"count":3,"href":"https:\/\/url-monitor.com\/de\/wp-json\/wp\/v2\/pages\/124\/revisions"}],"predecessor-version":[{"id":2632,"href":"https:\/\/url-monitor.com\/de\/wp-json\/wp\/v2\/pages\/124\/revisions\/2632"}],"wp:attachment":[{"href":"https:\/\/url-monitor.com\/de\/wp-json\/wp\/v2\/media?parent=124"}],"curies":[{"name":"wp","href":"https:\/\/api.w.org\/{rel}","templated":true}]}}